{"id":107,"date":"2020-05-08T19:49:09","date_gmt":"2020-05-08T17:49:09","guid":{"rendered":"http:\/\/www.eaubleue-amor.info\/?page_id=107"},"modified":"2020-07-03T15:22:37","modified_gmt":"2020-07-03T13:22:37","slug":"les-pelerins-dares-2","status":"publish","type":"page","link":"https:\/\/www.eaubleue-lorient.info\/index.php\/les-pelerins-dares-2\/","title":{"rendered":"Les p\u00e8lerins d&#8217;Ar\u00e8s"},"content":{"rendered":"\t\t<div data-elementor-type=\"wp-page\" data-elementor-id=\"107\" class=\"elementor elementor-107\" data-elementor-settings=\"[]\">\n\t\t\t\t\t\t<div class=\"elementor-inner\">\n\t\t\t\t\t\t\t<div class=\"elementor-section-wrap\">\n\t\t\t\t\t\t\t<section class=\"elementor-section elementor-top-section elementor-element elementor-element-25e05778 elementor-section-boxed elementor-section-height-default elementor-section-height-default\" data-id=\"25e05778\" data-element_type=\"section\">\n\t\t\t\t\t\t<div class=\"elementor-container elementor-column-gap-default\">\n\t\t\t\t\t\t\t<div class=\"elementor-row\">\n\t\t\t\t\t<div class=\"elementor-column elementor-col-100 elementor-top-column elementor-element elementor-element-57a015ce\" data-id=\"57a015ce\" data-element_type=\"column\">\n\t\t\t<div class=\"elementor-column-wrap elementor-element-populated\">\n\t\t\t\t\t\t\t<div class=\"elementor-widget-wrap\">\n\t\t\t\t\t\t<div class=\"elementor-element elementor-element-297032a0 elementor-widget elementor-widget-text-editor\" data-id=\"297032a0\" data-element_type=\"widget\" data-widget_type=\"text-editor.default\">\n\t\t\t\t<div class=\"elementor-widget-container\">\n\t\t\t\t\t<div class=\"elementor-text-editor elementor-clearfix\"><p>Dans leur grande majorit\u00e9 les P\u00e8lerins d&#8217;Ar\u00e8s forment un ensemble, informel, socialement peu rep\u00e9rable, de nombre inconnu (Situation souvent incomprise dans un monde friand de statistiques). Hommes et femmes d&#8217;esp\u00e9rances, g\u00e9n\u00e9ralement croyants et priants, mais toujours\u00a0libre\u00a0au sens spirituel.<\/p>\n<p><!-- \/wp:paragraph --><\/p>\n<p><!-- wp:paragraph --><\/p>\n<p><!-- \/wp:paragraph --><\/p><\/div>\n\t\t\t\t<\/div>\n\t\t\t\t<\/div>\n\t\t\t\t\t\t<\/div>\n\t\t\t\t\t<\/div>\n\t\t<\/div>\n\t\t\t\t\t\t\t\t<\/div>\n\t\t\t\t\t<\/div>\n\t\t<\/section>\n\t\t\t\t<section class=\"elementor-section elementor-top-section elementor-element elementor-element-aa0ec6a elementor-section-boxed elementor-section-height-default elementor-section-height-default\" data-id=\"aa0ec6a\" data-element_type=\"section\">\n\t\t\t\t\t\t<div class=\"elementor-container elementor-column-gap-default\">\n\t\t\t\t\t\t\t<div class=\"elementor-row\">\n\t\t\t\t\t<div class=\"elementor-column elementor-col-100 elementor-top-column elementor-element elementor-element-c30261c\" data-id=\"c30261c\" data-element_type=\"column\">\n\t\t\t<div class=\"elementor-column-wrap elementor-element-populated\">\n\t\t\t\t\t\t\t<div class=\"elementor-widget-wrap\">\n\t\t\t\t\t\t<div class=\"elementor-element elementor-element-f825f12 elementor-widget elementor-widget-image\" data-id=\"f825f12\" data-element_type=\"widget\" data-widget_type=\"image.default\">\n\t\t\t\t<div class=\"elementor-widget-container\">\n\t\t\t\t\t<div class=\"elementor-image\">\n\t\t\t\t\t\t\t\t\t\t<img width=\"625\" height=\"145\" src=\"https:\/\/www.eaubleue-lorient.info\/wp-content\/uploads\/2020\/07\/pelerins-ares-homes-1024x237.jpg\" class=\"attachment-large size-large\" alt=\"\" loading=\"lazy\" srcset=\"https:\/\/www.eaubleue-lorient.info\/wp-content\/uploads\/2020\/07\/pelerins-ares-homes-1024x237.jpg 1024w, https:\/\/www.eaubleue-lorient.info\/wp-content\/uploads\/2020\/07\/pelerins-ares-homes-300x70.jpg 300w, https:\/\/www.eaubleue-lorient.info\/wp-content\/uploads\/2020\/07\/pelerins-ares-homes-768x178.jpg 768w, https:\/\/www.eaubleue-lorient.info\/wp-content\/uploads\/2020\/07\/pelerins-ares-homes-624x145.jpg 624w, https:\/\/www.eaubleue-lorient.info\/wp-content\/uploads\/2020\/07\/pelerins-ares-homes.jpg 1200w\" sizes=\"(max-width: 625px) 100vw, 625px\" \/>\t\t\t\t\t\t\t\t\t\t\t<\/div>\n\t\t\t\t<\/div>\n\t\t\t\t<\/div>\n\t\t\t\t\t\t<\/div>\n\t\t\t\t\t<\/div>\n\t\t<\/div>\n\t\t\t\t\t\t\t\t<\/div>\n\t\t\t\t\t<\/div>\n\t\t<\/section>\n\t\t\t\t\t\t<\/div>\n\t\t\t\t\t\t<\/div>\n\t\t\t\t\t<\/div>\n\t\t","protected":false},"excerpt":{"rendered":"<p>Dans leur grande majorit\u00e9 les P\u00e8lerins d&#8217;Ar\u00e8s forment un ensemble, informel, socialement peu rep\u00e9rable, de nombre inconnu (Situation souvent incomprise dans un monde friand de statistiques). Hommes et femmes d&#8217;esp\u00e9rances, g\u00e9n\u00e9ralement croyants et priants, mais toujours\u00a0libre\u00a0au sens spirituel.<\/p>\n","protected":false},"author":1,"featured_media":0,"parent":0,"menu_order":0,"comment_status":"closed","ping_status":"closed","template":"","meta":[],"yoast_head":"<!-- This site is optimized with the Yoast SEO plugin v15.0 - https:\/\/yoast.com\/wordpress\/plugins\/seo\/ -->\n<meta name=\"robots\" content=\"index, follow, max-snippet:-1, max-image-preview:large, max-video-preview:-1\" \/>\n<link rel=\"canonical\" href=\"https:\/\/www.eaubleue-amor.info\/index.php\/les-pelerins-dares-2\/\" \/>\n<meta property=\"og:locale\" content=\"fr_FR\" \/>\n<meta property=\"og:type\" content=\"article\" \/>\n<meta property=\"og:title\" content=\"Les p\u00e8lerins d&#039;Ar\u00e8s - Eau Bleue Lorient\" \/>\n<meta property=\"og:description\" content=\"Dans leur grande majorit\u00e9 les P\u00e8lerins d&#8217;Ar\u00e8s forment un ensemble, informel, socialement peu rep\u00e9rable, de nombre inconnu (Situation souvent incomprise dans un monde friand de statistiques). Hommes et femmes d&#8217;esp\u00e9rances, g\u00e9n\u00e9ralement croyants et priants, mais toujours\u00a0libre\u00a0au sens spirituel.\" \/>\n<meta property=\"og:url\" content=\"https:\/\/www.eaubleue-amor.info\/index.php\/les-pelerins-dares-2\/\" \/>\n<meta property=\"og:site_name\" content=\"Eau Bleue Lorient\" \/>\n<meta property=\"article:modified_time\" content=\"2020-07-03T13:22:37+00:00\" \/>\n<meta property=\"og:image\" content=\"http:\/\/www.eaubleue-amor.info\/wp-content\/uploads\/2020\/07\/pelerins-ares-homes-1024x237.jpg\" \/>\n<meta name=\"twitter:card\" content=\"summary_large_image\" \/>\n<script type=\"application\/ld+json\" class=\"yoast-schema-graph\">{\"@context\":\"https:\/\/schema.org\",\"@graph\":[{\"@type\":\"WebSite\",\"@id\":\"https:\/\/www.eaubleue-lorient.info\/#website\",\"url\":\"https:\/\/www.eaubleue-lorient.info\/\",\"name\":\"Eau Bleue Lorient\",\"description\":\"\",\"potentialAction\":[{\"@type\":\"SearchAction\",\"target\":\"https:\/\/www.eaubleue-lorient.info\/?s={search_term_string}\",\"query-input\":\"required name=search_term_string\"}],\"inLanguage\":\"fr-FR\"},{\"@type\":\"ImageObject\",\"@id\":\"https:\/\/www.eaubleue-amor.info\/index.php\/les-pelerins-dares-2\/#primaryimage\",\"inLanguage\":\"fr-FR\",\"url\":\"http:\/\/www.eaubleue-amor.info\/wp-content\/uploads\/2020\/07\/pelerins-ares-homes-1024x237.jpg\"},{\"@type\":\"WebPage\",\"@id\":\"https:\/\/www.eaubleue-amor.info\/index.php\/les-pelerins-dares-2\/#webpage\",\"url\":\"https:\/\/www.eaubleue-amor.info\/index.php\/les-pelerins-dares-2\/\",\"name\":\"Les p\\u00e8lerins d'Ar\\u00e8s - Eau Bleue Lorient\",\"isPartOf\":{\"@id\":\"https:\/\/www.eaubleue-lorient.info\/#website\"},\"primaryImageOfPage\":{\"@id\":\"https:\/\/www.eaubleue-amor.info\/index.php\/les-pelerins-dares-2\/#primaryimage\"},\"datePublished\":\"2020-05-08T17:49:09+00:00\",\"dateModified\":\"2020-07-03T13:22:37+00:00\",\"inLanguage\":\"fr-FR\",\"potentialAction\":[{\"@type\":\"ReadAction\",\"target\":[\"https:\/\/www.eaubleue-amor.info\/index.php\/les-pelerins-dares-2\/\"]}]}]}<\/script>\n<!-- \/ Yoast SEO plugin. -->","_links":{"self":[{"href":"https:\/\/www.eaubleue-lorient.info\/index.php\/wp-json\/wp\/v2\/pages\/107"}],"collection":[{"href":"https:\/\/www.eaubleue-lorient.info\/index.php\/wp-json\/wp\/v2\/pages"}],"about":[{"href":"https:\/\/www.eaubleue-lorient.info\/index.php\/wp-json\/wp\/v2\/types\/page"}],"author":[{"embeddable":true,"href":"https:\/\/www.eaubleue-lorient.info\/index.php\/wp-json\/wp\/v2\/users\/1"}],"replies":[{"embeddable":true,"href":"https:\/\/www.eaubleue-lorient.info\/index.php\/wp-json\/wp\/v2\/comments?post=107"}],"version-history":[{"count":11,"href":"https:\/\/www.eaubleue-lorient.info\/index.php\/wp-json\/wp\/v2\/pages\/107\/revisions"}],"predecessor-version":[{"id":605,"href":"https:\/\/www.eaubleue-lorient.info\/index.php\/wp-json\/wp\/v2\/pages\/107\/revisions\/605"}],"wp:attachment":[{"href":"https:\/\/www.eaubleue-lorient.info\/index.php\/wp-json\/wp\/v2\/media?parent=107"}],"curies":[{"name":"wp","href":"https:\/\/api.w.org\/{rel}","templated":true}]}}