{"id":112,"date":"2020-05-08T19:58:52","date_gmt":"2020-05-08T17:58:52","guid":{"rendered":"http:\/\/www.eaubleue-amor.info\/?page_id=112"},"modified":"2024-10-10T21:17:05","modified_gmt":"2024-10-10T19:17:05","slug":"changer-le-monde-2","status":"publish","type":"page","link":"https:\/\/www.eaubleue-lorient.info\/index.php\/changer-le-monde-2\/","title":{"rendered":"Changer le monde et restaurer Eden"},"content":{"rendered":"\t\t<div data-elementor-type=\"wp-page\" data-elementor-id=\"112\" class=\"elementor elementor-112\" data-elementor-settings=\"[]\">\n\t\t\t\t\t\t<div class=\"elementor-inner\">\n\t\t\t\t\t\t\t<div class=\"elementor-section-wrap\">\n\t\t\t\t\t\t\t<section class=\"elementor-section elementor-top-section elementor-element elementor-element-4c3dc36d elementor-section-boxed elementor-section-height-default elementor-section-height-default\" data-id=\"4c3dc36d\" data-element_type=\"section\">\n\t\t\t\t\t\t<div class=\"elementor-container elementor-column-gap-default\">\n\t\t\t\t\t\t\t<div class=\"elementor-row\">\n\t\t\t\t\t<div class=\"elementor-column elementor-col-100 elementor-top-column elementor-element elementor-element-4d087027\" data-id=\"4d087027\" data-element_type=\"column\">\n\t\t\t<div class=\"elementor-column-wrap elementor-element-populated\">\n\t\t\t\t\t\t\t<div class=\"elementor-widget-wrap\">\n\t\t\t\t\t\t<div class=\"elementor-element elementor-element-4dc1ab3b elementor-widget elementor-widget-text-editor\" data-id=\"4dc1ab3b\" data-element_type=\"widget\" data-widget_type=\"text-editor.default\">\n\t\t\t\t<div class=\"elementor-widget-container\">\n\t\t\t\t\t<div class=\"elementor-text-editor elementor-clearfix\"><p><span style=\"font-size: 18px;\">&#8220;<i>Car la V\u00e9rit\u00e9 c&#8217;est que le monde doit changer<\/i>&#8221; <\/span><span style=\"font-size: 18px;\"><strong><span style=\"font-size: 14px;\">&#8220;Le Signe (28\/7)<\/span><\/strong><\/span><\/p><p><span style=\"font-size: 18px;\">\u00ab\u00a0<\/span><em style=\"font-size: 18px;\">Les hommes\u00a0 deviennent les fr\u00e8res,\u00a0le monde devient\u00a0le nuage d&#8217;or o\u00f9 les nations s&#8217;embrassent,<\/em> <em style=\"font-size: 18px;\">o\u00f9 le fr\u00e8re ne vend pas le pain et la\u00a0 laine.<\/em><span style=\"font-size: 14px;\"> \u00bb\u00a0 (Le Signe<\/span><span style=\"font-size: 14px;\"> xix\/22)<\/span><\/p><p><!-- \/wp:paragraph --><\/p><\/div>\n\t\t\t\t<\/div>\n\t\t\t\t<\/div>\n\t\t\t\t\t\t<\/div>\n\t\t\t\t\t<\/div>\n\t\t<\/div>\n\t\t\t\t\t\t\t\t<\/div>\n\t\t\t\t\t<\/div>\n\t\t<\/section>\n\t\t\t\t\t\t<\/div>\n\t\t\t\t\t\t<\/div>\n\t\t\t\t\t<\/div>\n\t\t","protected":false},"excerpt":{"rendered":"<p>&#8220;Car la V\u00e9rit\u00e9 c&#8217;est que le monde doit changer&#8221; &#8220;Le Signe (28\/7) \u00ab\u00a0Les hommes\u00a0 deviennent les fr\u00e8res,\u00a0le monde devient\u00a0le nuage d&#8217;or o\u00f9 les nations s&#8217;embrassent, o\u00f9 le fr\u00e8re ne vend pas le pain et la\u00a0 laine. \u00bb\u00a0 (Le Signe xix\/22)<\/p>\n","protected":false},"author":1,"featured_media":0,"parent":0,"menu_order":0,"comment_status":"closed","ping_status":"closed","template":"","meta":[],"yoast_head":"<!-- This site is optimized with the Yoast SEO plugin v15.0 - https:\/\/yoast.com\/wordpress\/plugins\/seo\/ -->\n<meta name=\"robots\" content=\"index, follow, max-snippet:-1, max-image-preview:large, max-video-preview:-1\" \/>\n<link rel=\"canonical\" href=\"https:\/\/www.eaubleue-lorient.info\/index.php\/changer-le-monde-2\/\" \/>\n<meta property=\"og:locale\" content=\"fr_FR\" \/>\n<meta property=\"og:type\" content=\"article\" \/>\n<meta property=\"og:title\" content=\"Changer le monde et restaurer Eden - Eau Bleue Lorient\" \/>\n<meta property=\"og:description\" content=\"&#8220;Car la V\u00e9rit\u00e9 c&#8217;est que le monde doit changer&#8221; &#8220;Le Signe (28\/7) \u00ab\u00a0Les hommes\u00a0 deviennent les fr\u00e8res,\u00a0le monde devient\u00a0le nuage d&#8217;or o\u00f9 les nations s&#8217;embrassent, o\u00f9 le fr\u00e8re ne vend pas le pain et la\u00a0 laine. \u00bb\u00a0 (Le Signe xix\/22)\" \/>\n<meta property=\"og:url\" content=\"https:\/\/www.eaubleue-lorient.info\/index.php\/changer-le-monde-2\/\" \/>\n<meta property=\"og:site_name\" content=\"Eau Bleue Lorient\" \/>\n<meta property=\"article:modified_time\" content=\"2024-10-10T19:17:05+00:00\" \/>\n<meta name=\"twitter:card\" content=\"summary_large_image\" \/>\n<script type=\"application\/ld+json\" class=\"yoast-schema-graph\">{\"@context\":\"https:\/\/schema.org\",\"@graph\":[{\"@type\":\"WebSite\",\"@id\":\"https:\/\/www.eaubleue-lorient.info\/#website\",\"url\":\"https:\/\/www.eaubleue-lorient.info\/\",\"name\":\"Eau Bleue Lorient\",\"description\":\"\",\"potentialAction\":[{\"@type\":\"SearchAction\",\"target\":\"https:\/\/www.eaubleue-lorient.info\/?s={search_term_string}\",\"query-input\":\"required name=search_term_string\"}],\"inLanguage\":\"fr-FR\"},{\"@type\":\"WebPage\",\"@id\":\"https:\/\/www.eaubleue-lorient.info\/index.php\/changer-le-monde-2\/#webpage\",\"url\":\"https:\/\/www.eaubleue-lorient.info\/index.php\/changer-le-monde-2\/\",\"name\":\"Changer le monde et restaurer Eden - Eau Bleue Lorient\",\"isPartOf\":{\"@id\":\"https:\/\/www.eaubleue-lorient.info\/#website\"},\"datePublished\":\"2020-05-08T17:58:52+00:00\",\"dateModified\":\"2024-10-10T19:17:05+00:00\",\"inLanguage\":\"fr-FR\",\"potentialAction\":[{\"@type\":\"ReadAction\",\"target\":[\"https:\/\/www.eaubleue-lorient.info\/index.php\/changer-le-monde-2\/\"]}]}]}<\/script>\n<!-- \/ Yoast SEO plugin. -->","_links":{"self":[{"href":"https:\/\/www.eaubleue-lorient.info\/index.php\/wp-json\/wp\/v2\/pages\/112"}],"collection":[{"href":"https:\/\/www.eaubleue-lorient.info\/index.php\/wp-json\/wp\/v2\/pages"}],"about":[{"href":"https:\/\/www.eaubleue-lorient.info\/index.php\/wp-json\/wp\/v2\/types\/page"}],"author":[{"embeddable":true,"href":"https:\/\/www.eaubleue-lorient.info\/index.php\/wp-json\/wp\/v2\/users\/1"}],"replies":[{"embeddable":true,"href":"https:\/\/www.eaubleue-lorient.info\/index.php\/wp-json\/wp\/v2\/comments?post=112"}],"version-history":[{"count":19,"href":"https:\/\/www.eaubleue-lorient.info\/index.php\/wp-json\/wp\/v2\/pages\/112\/revisions"}],"predecessor-version":[{"id":1216,"href":"https:\/\/www.eaubleue-lorient.info\/index.php\/wp-json\/wp\/v2\/pages\/112\/revisions\/1216"}],"wp:attachment":[{"href":"https:\/\/www.eaubleue-lorient.info\/index.php\/wp-json\/wp\/v2\/media?parent=112"}],"curies":[{"name":"wp","href":"https:\/\/api.w.org\/{rel}","templated":true}]}}