{"id":13,"date":"2020-05-07T20:26:12","date_gmt":"2020-05-07T18:26:12","guid":{"rendered":"http:\/\/www.eaubleue-amor.info\/?page_id=13"},"modified":"2025-11-18T15:32:54","modified_gmt":"2025-11-18T14:32:54","slug":"a-propos-de","status":"publish","type":"page","link":"https:\/\/www.eaubleue-lorient.info\/","title":{"rendered":"Le Signe ou La R\u00e9v\u00e9lation d&#8217;Ar\u00e8s pr\u00e9sent\u00e9e par l&#8217;assembl\u00e9e de Lorient"},"content":{"rendered":"\t\t<div data-elementor-type=\"wp-page\" data-elementor-id=\"13\" class=\"elementor elementor-13\" data-elementor-settings=\"[]\">\n\t\t\t\t\t\t<div class=\"elementor-inner\">\n\t\t\t\t\t\t\t<div class=\"elementor-section-wrap\">\n\t\t\t\t\t\t\t<section class=\"elementor-section elementor-top-section elementor-element elementor-element-221d2680 elementor-section-height-min-height elementor-section-items-bottom elementor-section-boxed elementor-section-height-default\" data-id=\"221d2680\" data-element_type=\"section\">\n\t\t\t\t\t\t<div class=\"elementor-container elementor-column-gap-no\">\n\t\t\t\t\t\t\t<div class=\"elementor-row\">\n\t\t\t\t\t<div class=\"elementor-column elementor-col-100 elementor-top-column elementor-element elementor-element-61a58b5b\" data-id=\"61a58b5b\" data-element_type=\"column\">\n\t\t\t<div class=\"elementor-column-wrap elementor-element-populated\">\n\t\t\t\t\t\t\t<div class=\"elementor-widget-wrap\">\n\t\t\t\t\t\t<div class=\"elementor-element elementor-element-5182fc51 elementor-widget elementor-widget-text-editor\" data-id=\"5182fc51\" data-element_type=\"widget\" data-widget_type=\"text-editor.default\">\n\t\t\t\t<div class=\"elementor-widget-container\">\n\t\t\t\t\t<div class=\"elementor-text-editor elementor-clearfix\"><h5><a href=\"http:\/\/[metaslider id=\" data-wplink-url-error=\"true\"><div id=\"metaslider-id-822\" style=\"width: 100%;\" class=\"ml-slider-3-18-0 metaslider metaslider-flex metaslider-822 ml-slider\">\n    <div id=\"metaslider_container_822\">\n        <div id=\"metaslider_822\">\n            <ul aria-live=\"polite\" class=\"slides\">\n                <li style=\"display: block; width: 100%;\" class=\"slide-824 ms-image\"><img loading=\"lazy\" src=\"https:\/\/www.eaubleue-lorient.info\/wp-content\/uploads\/2020\/09\/eau-blueue4-700x500.jpg\" height=\"500\" width=\"700\" alt=\"\" class=\"slider-822 slide-824\" title=\"eau-blueue4\" \/><div class=\"caption-wrap\"><div class=\"caption\">Rue du Port<\/div><\/div><\/li>\n                <li style=\"display: none; width: 100%;\" class=\"slide-825 ms-image\"><img loading=\"lazy\" src=\"https:\/\/www.eaubleue-lorient.info\/wp-content\/uploads\/2020\/07\/local7-700x500.jpg\" height=\"500\" width=\"700\" alt=\"\" class=\"slider-822 slide-825\" title=\"local7\" \/><div class=\"caption-wrap\"><div class=\"caption\">Rue du Port1<\/div><\/div><\/li>\n                <li style=\"display: none; width: 100%;\" class=\"slide-836 ms-image\"><img loading=\"lazy\" src=\"https:\/\/www.eaubleue-lorient.info\/wp-content\/uploads\/2020\/07\/local1-scaled-700x500.jpg\" height=\"500\" width=\"700\" alt=\"\" class=\"slider-822 slide-836\" title=\"local1\" \/><div class=\"caption-wrap\"><div class=\"caption\">Rue du Port 2<\/div><\/div><\/li>\n                <li style=\"display: none; width: 100%;\" class=\"slide-826 ms-image\"><img loading=\"lazy\" src=\"https:\/\/www.eaubleue-lorient.info\/wp-content\/uploads\/2020\/07\/moisson-local1-scaled-700x500.jpg\" height=\"500\" width=\"700\" alt=\"\" class=\"slider-822 slide-826\" title=\"DSC06872 copie\" \/><div class=\"caption-wrap\"><div class=\"caption\">Local 1<\/div><\/div><\/li>\n                <li style=\"display: none; width: 100%;\" class=\"slide-834 ms-image\"><img loading=\"lazy\" src=\"https:\/\/www.eaubleue-lorient.info\/wp-content\/uploads\/2020\/07\/local1-1-scaled-700x500.jpg\" height=\"500\" width=\"700\" alt=\"\" class=\"slider-822 slide-834\" title=\"local1\" \/><div class=\"caption-wrap\"><div class=\"caption\">Vitrine 1<\/div><\/div><\/li>\n                <li style=\"display: none; width: 100%;\" class=\"slide-845 ms-image\"><img loading=\"lazy\" src=\"https:\/\/www.eaubleue-lorient.info\/wp-content\/uploads\/2020\/09\/vitrine-Appel-de-la-Vie-breton-scaled-700x500.jpg\" height=\"500\" width=\"700\" alt=\"\" class=\"slider-822 slide-845\" title=\"vitrine Appel de la Vie + breton\" \/><div class=\"caption-wrap\"><div class=\"caption\">Vitrine 2<\/div><\/div><\/li>\n                <li style=\"display: none; width: 100%;\" class=\"slide-827 ms-image\"><img loading=\"lazy\" src=\"https:\/\/www.eaubleue-lorient.info\/wp-content\/uploads\/2020\/07\/moisson-local-2-scaled-700x500.jpg\" height=\"500\" width=\"700\" alt=\"\" class=\"slider-822 slide-827\" title=\"All-focus\" \/><div class=\"caption-wrap\"><div class=\"caption\">Accueil 2<\/div><\/div><\/li>\n                <li style=\"display: none; width: 100%;\" class=\"slide-828 ms-image\"><img loading=\"lazy\" src=\"https:\/\/www.eaubleue-lorient.info\/wp-content\/uploads\/2020\/07\/IMG_20181105_162047-scaled-700x500.jpg\" height=\"500\" width=\"700\" alt=\"\" class=\"slider-822 slide-828\" title=\"All-focus\" \/><div class=\"caption-wrap\"><div class=\"caption\">Accueil 3<\/div><\/div><\/li>\n                <li style=\"display: none; width: 100%;\" class=\"slide-837 ms-image\"><img loading=\"lazy\" src=\"https:\/\/www.eaubleue-lorient.info\/wp-content\/uploads\/2020\/05\/parole-EB-700x500.jpg\" height=\"500\" width=\"700\" alt=\"\" class=\"slider-822 slide-837\" title=\"parole EB\" \/><div class=\"caption-wrap\"><div class=\"caption\">Parole au mur<\/div><\/div><\/li>\n                <li style=\"display: none; width: 100%;\" class=\"slide-829 ms-image\"><img loading=\"lazy\" src=\"https:\/\/www.eaubleue-lorient.info\/wp-content\/uploads\/2020\/07\/salle-prie\u0300re-1-700x500.jpg\" height=\"500\" width=\"700\" alt=\"\" class=\"slider-822 slide-829\" title=\"salle prie\u0300re 1\" \/><div class=\"caption-wrap\"><div class=\"caption\">Oratoire 1<\/div><\/div><\/li>\n                <li style=\"display: none; width: 100%;\" class=\"slide-838 ms-image\"><img loading=\"lazy\" src=\"https:\/\/www.eaubleue-lorient.info\/wp-content\/uploads\/2020\/05\/oratoire-EB-1-700x500.jpg\" height=\"500\" width=\"700\" alt=\"\" class=\"slider-822 slide-838\" title=\"oratoire EB 1\" \/><div class=\"caption-wrap\"><div class=\"caption\">Oratoire 2<\/div><\/div><\/li>\n                <li style=\"display: none; width: 100%;\" class=\"slide-835 ms-image\"><img loading=\"lazy\" src=\"https:\/\/www.eaubleue-lorient.info\/wp-content\/uploads\/2020\/07\/moisson-8-scaled-700x500.jpg\" height=\"500\" width=\"700\" alt=\"\" class=\"slider-822 slide-835\" title=\"All-focus\" \/><div class=\"caption-wrap\"><div class=\"caption\">moisson 1<\/div><\/div><\/li>\n                <li style=\"display: none; width: 100%;\" class=\"slide-830 ms-image\"><img loading=\"lazy\" src=\"https:\/\/www.eaubleue-lorient.info\/wp-content\/uploads\/2020\/07\/moisson-4-scaled-700x500.jpg\" height=\"500\" width=\"700\" alt=\"\" class=\"slider-822 slide-830\" title=\"moisson 4\" \/><div class=\"caption-wrap\"><div class=\"caption\">moisson 2<\/div><\/div><\/li>\n                <li style=\"display: none; width: 100%;\" class=\"slide-945 ms-image\"><img loading=\"lazy\" src=\"https:\/\/www.eaubleue-lorient.info\/wp-content\/uploads\/2021\/11\/Salon-be-2-scaled-e1636910066605-700x500.jpg\" height=\"500\" width=\"700\" alt=\"\" class=\"slider-822 slide-945\" title=\"Salon be 2\" \/><div class=\"caption-wrap\"><div class=\"caption\">Stand salon de Lorient<\/div><\/div><\/li>\n            <\/ul>\n        <\/div>\n        \n    <\/div>\n<\/div><\/a><\/h5>\n<p>Situ\u00e9 au centre ville de Lorient \u00ab <strong>L\u2019Eau Bleue<\/strong> \u00bb est un espace\u00a0 d\u2019information et d\u2019accueil pour faire conna\u00eetre &#8220;<strong>Le Signe<\/strong>&#8220;. <span style=\"font-size: 14px;\">Ce livre<\/span><span style=\"font-size: 14px;\">\u00a0contient les messages que\u00a0<\/span><strong>Michel Potay<\/strong><span style=\"font-size: 14px;\"> re\u00e7ut de <strong>J\u00e9sus<\/strong> apparu\u00a0 en 1974 et du <strong>Cr\u00e9ateur<\/strong> Lui-m\u00eame en 1977, \u00e0 Ar\u00e8s (Gironde, France).<\/span><\/p>\n<p><span style=\"font-size: 14px;\">Les P\u00e8lerins d\u2019Ar\u00e8s sont des femmes et des hommes qui n&#8217;ont ni religion,\u00a0 ni dogme, ni hi\u00e9rarchie, mais une foi libre et active . Ils se r\u00e9f\u00e8rent au livre <strong>&#8220;Le Signe<\/strong>&#8220;, message lib\u00e9rateur qui appelle les hommes \u00e0 retrouver leur libert\u00e9 cr\u00e9atrice pour changer le monde en commen\u00e7ant par se changer eux-m\u00eames et en appelant d&#8217;autres \u00e0 faire de m\u00eame &#8230;\u00a0<\/span><\/p>\n<p><span style=\"font-size: 14px;\">Nous esp\u00e9rons que la visite de ce site nous donnera la joie de vous rencontrer bient\u00f4t.\u00a0 \u00a0 \u00a0 \u00a0 \u00a0 Rien ne peut remplacer une rencontre de coeur \u00e0 coeur, les yeux dans les yeux.\u00a0 \u00a0 \u00a0 \u00a0 \u00a0 \u00a0 \u00a0 \u00a0 \u00a0 \u00a0 \u00a0 \u00a0 \u00a0 \u00a0 \u00a0 \u00a0 \u00a0 \u00a0 \u00a0 \u00a0 \u00a0 \u00a0 \u00a0 \u00a0 \u00a0 \u00a0 \u00a0 \u00a0 \u00a0 \u00a0<\/span><\/p>\n<p><!-- \/wp:paragraph --><\/p>\n<p><!-- wp:paragraph --><\/p>\n<p><!-- \/wp:paragraph --><\/p>\n<p><!-- wp:paragraph --><\/p>\n<p><!-- \/wp:paragraph --><\/p>\n<p><!-- wp:heading {\"level\":5} --><\/p>\n<h4><span style=\"font-weight: normal;\">Chaque semaine,\u00a0<br \/><\/span><span style=\"font-weight: normal;\">L&#8217;Eau Bleue vous propose d&#8217;assister \u00e0 des rendez-vous spirituels. (voir page <a href=\"https:\/\/www.eaubleue-lorient.info\/index.php\/rencontres-prevues\/\">ACTUALIT\u00c9S)<\/a><\/span><\/h4>\n<h4>Entr\u00e9e libre et gratuite !<\/h4>\n<p><!-- \/wp:heading --><\/p>\n<p><!-- wp:heading {\"level\":5} --><\/p>\n<p><!-- \/wp:heading --><\/p>\n<p><!-- wp:heading {\"level\":5} --><\/p>\n<h5>Lien vers d&#8217;autres vid\u00e9os de t\u00e9moignages vari\u00e9s : <a href=\"https:\/\/www.youtube.com\/channel\/UCdxToFTVYaxsTgYonbAOJhA\" target=\"_blank\" rel=\"noopener\">https:\/\/www.youtube.com\/channel\/UCdxToFTVYaxsTgYonbAOJhA<\/a><\/h5>\n<div>\u00a0Lien vers des vid\u00e9os th\u00e9matiques\u00a0 (l&#8217;amour, l&#8217;anarkhia, le changement du monde, le couple, etc&#8230;:\u00a0 :<\/div>\n<div><a href=\"https:\/\/www.youtube.com\/@leauforte-despelerinsdares5123\/featured\" target=\"_blank\" rel=\"noopener\">Vid\u00e9os th\u00e9matiques\u00a0<\/a><\/div>\n<div>\u00a0<\/div>\n<div>Interview de Michel Potay par Jacques Chancel en 2010 :<\/div>\n<div>\u00a0 <a href=\"https:\/\/vimeo.com\/208292194\">https:\/\/vimeo.com\/208292194<\/a><\/div>\n<p><!-- \/wp:heading --><\/p>\n<p><!-- wp:paragraph --><\/p>\n<p><!-- \/wp:paragraph --><\/p><\/div>\n\t\t\t\t<\/div>\n\t\t\t\t<\/div>\n\t\t\t\t\t\t<\/div>\n\t\t\t\t\t<\/div>\n\t\t<\/div>\n\t\t\t\t\t\t\t\t<\/div>\n\t\t\t\t\t<\/div>\n\t\t<\/section>\n\t\t\t\t<section class=\"elementor-section elementor-top-section elementor-element elementor-element-a4c8a1c elementor-section-boxed elementor-section-height-default elementor-section-height-default\" data-id=\"a4c8a1c\" data-element_type=\"section\">\n\t\t\t\t\t\t<div class=\"elementor-container elementor-column-gap-default\">\n\t\t\t\t\t\t\t<div class=\"elementor-row\">\n\t\t\t\t\t<div class=\"elementor-column elementor-col-100 elementor-top-column elementor-element elementor-element-e838098\" data-id=\"e838098\" data-element_type=\"column\">\n\t\t\t<div class=\"elementor-column-wrap\">\n\t\t\t\t\t\t\t<div class=\"elementor-widget-wrap\">\n\t\t\t\t\t\t\t\t<\/div>\n\t\t\t\t\t<\/div>\n\t\t<\/div>\n\t\t\t\t\t\t\t\t<\/div>\n\t\t\t\t\t<\/div>\n\t\t<\/section>\n\t\t\t\t\t\t<\/div>\n\t\t\t\t\t\t<\/div>\n\t\t\t\t\t<\/div>\n\t\t","protected":false},"excerpt":{"rendered":"<p>Situ\u00e9 au centre ville de Lorient \u00ab L\u2019Eau Bleue \u00bb est un espace&nbsp; d\u2019information et d\u2019accueil pour faire conna\u00eetre &#8220;Le Signe&#8220;. Ce livre&nbsp;contient les messages que&nbsp;Michel Potay re\u00e7ut de J\u00e9sus apparu&nbsp; en 1974 et du Cr\u00e9ateur Lui-m\u00eame en 1977, \u00e0 Ar\u00e8s (Gironde, France). Les P\u00e8lerins d\u2019Ar\u00e8s sont des femmes et des hommes qui n&#8217;ont ni [&hellip;]<\/p>\n","protected":false},"author":1,"featured_media":0,"parent":0,"menu_order":0,"comment_status":"closed","ping_status":"closed","template":"","meta":[],"yoast_head":"<!-- This site is optimized with the Yoast SEO plugin v15.0 - https:\/\/yoast.com\/wordpress\/plugins\/seo\/ -->\n<meta name=\"robots\" content=\"index, follow, max-snippet:-1, max-image-preview:large, max-video-preview:-1\" \/>\n<link rel=\"canonical\" href=\"https:\/\/www.eaubleue-lorient.info\/\" \/>\n<meta property=\"og:locale\" content=\"fr_FR\" \/>\n<meta property=\"og:type\" content=\"article\" \/>\n<meta property=\"og:title\" content=\"Le Signe ou La R\u00e9v\u00e9lation d&#039;Ar\u00e8s pr\u00e9sent\u00e9e par l&#039;assembl\u00e9e de Lorient - Eau Bleue Lorient\" \/>\n<meta property=\"og:description\" content=\"Situ\u00e9 au centre ville de Lorient \u00ab L\u2019Eau Bleue \u00bb est un espace&nbsp; d\u2019information et d\u2019accueil pour faire conna\u00eetre &#8220;Le Signe&#8220;. Ce livre&nbsp;contient les messages que&nbsp;Michel Potay re\u00e7ut de J\u00e9sus apparu&nbsp; en 1974 et du Cr\u00e9ateur Lui-m\u00eame en 1977, \u00e0 Ar\u00e8s (Gironde, France). Les P\u00e8lerins d\u2019Ar\u00e8s sont des femmes et des hommes qui n&#8217;ont ni [&hellip;]\" \/>\n<meta property=\"og:url\" content=\"https:\/\/www.eaubleue-lorient.info\/\" \/>\n<meta property=\"og:site_name\" content=\"Eau Bleue Lorient\" \/>\n<meta property=\"article:modified_time\" content=\"2025-11-18T14:32:54+00:00\" \/>\n<meta name=\"twitter:card\" content=\"summary_large_image\" \/>\n<script type=\"application\/ld+json\" class=\"yoast-schema-graph\">{\"@context\":\"https:\/\/schema.org\",\"@graph\":[{\"@type\":\"WebSite\",\"@id\":\"https:\/\/www.eaubleue-lorient.info\/#website\",\"url\":\"https:\/\/www.eaubleue-lorient.info\/\",\"name\":\"Eau Bleue Lorient\",\"description\":\"\",\"potentialAction\":[{\"@type\":\"SearchAction\",\"target\":\"https:\/\/www.eaubleue-lorient.info\/?s={search_term_string}\",\"query-input\":\"required name=search_term_string\"}],\"inLanguage\":\"fr-FR\"},{\"@type\":\"WebPage\",\"@id\":\"https:\/\/www.eaubleue-lorient.info\/#webpage\",\"url\":\"https:\/\/www.eaubleue-lorient.info\/\",\"name\":\"Le Signe ou La R\\u00e9v\\u00e9lation d'Ar\\u00e8s pr\\u00e9sent\\u00e9e par l'assembl\\u00e9e de Lorient - Eau Bleue Lorient\",\"isPartOf\":{\"@id\":\"https:\/\/www.eaubleue-lorient.info\/#website\"},\"datePublished\":\"2020-05-07T18:26:12+00:00\",\"dateModified\":\"2025-11-18T14:32:54+00:00\",\"inLanguage\":\"fr-FR\",\"potentialAction\":[{\"@type\":\"ReadAction\",\"target\":[\"https:\/\/www.eaubleue-lorient.info\/\"]}]}]}<\/script>\n<!-- \/ Yoast SEO plugin. -->","_links":{"self":[{"href":"https:\/\/www.eaubleue-lorient.info\/index.php\/wp-json\/wp\/v2\/pages\/13"}],"collection":[{"href":"https:\/\/www.eaubleue-lorient.info\/index.php\/wp-json\/wp\/v2\/pages"}],"about":[{"href":"https:\/\/www.eaubleue-lorient.info\/index.php\/wp-json\/wp\/v2\/types\/page"}],"author":[{"embeddable":true,"href":"https:\/\/www.eaubleue-lorient.info\/index.php\/wp-json\/wp\/v2\/users\/1"}],"replies":[{"embeddable":true,"href":"https:\/\/www.eaubleue-lorient.info\/index.php\/wp-json\/wp\/v2\/comments?post=13"}],"version-history":[{"count":156,"href":"https:\/\/www.eaubleue-lorient.info\/index.php\/wp-json\/wp\/v2\/pages\/13\/revisions"}],"predecessor-version":[{"id":1276,"href":"https:\/\/www.eaubleue-lorient.info\/index.php\/wp-json\/wp\/v2\/pages\/13\/revisions\/1276"}],"wp:attachment":[{"href":"https:\/\/www.eaubleue-lorient.info\/index.php\/wp-json\/wp\/v2\/media?parent=13"}],"curies":[{"name":"wp","href":"https:\/\/api.w.org\/{rel}","templated":true}]}}