{"id":207,"date":"2020-05-10T19:21:22","date_gmt":"2020-05-10T17:21:22","guid":{"rendered":"http:\/\/www.eaubleue-amor.info\/?page_id=207"},"modified":"2024-09-04T10:18:02","modified_gmt":"2024-09-04T08:18:02","slug":"les-evenements","status":"publish","type":"page","link":"https:\/\/www.eaubleue-lorient.info\/index.php\/les-evenements\/","title":{"rendered":"Les \u00e9v\u00e8nements"},"content":{"rendered":"\t\t<div data-elementor-type=\"wp-page\" data-elementor-id=\"207\" class=\"elementor elementor-207\" data-elementor-settings=\"[]\">\n\t\t\t\t\t\t<div class=\"elementor-inner\">\n\t\t\t\t\t\t\t<div class=\"elementor-section-wrap\">\n\t\t\t\t\t\t\t<section class=\"elementor-section elementor-top-section elementor-element elementor-element-fbeb91b elementor-section-boxed elementor-section-height-default elementor-section-height-default\" data-id=\"fbeb91b\" data-element_type=\"section\">\n\t\t\t\t\t\t<div class=\"elementor-container elementor-column-gap-default\">\n\t\t\t\t\t\t\t<div class=\"elementor-row\">\n\t\t\t\t\t<div class=\"elementor-column elementor-col-100 elementor-top-column elementor-element elementor-element-713d114e\" data-id=\"713d114e\" data-element_type=\"column\">\n\t\t\t<div class=\"elementor-column-wrap elementor-element-populated\">\n\t\t\t\t\t\t\t<div class=\"elementor-widget-wrap\">\n\t\t\t\t\t\t<div class=\"elementor-element elementor-element-538af038 elementor-widget elementor-widget-text-editor\" data-id=\"538af038\" data-element_type=\"widget\" data-widget_type=\"text-editor.default\">\n\t\t\t\t<div class=\"elementor-widget-container\">\n\t\t\t\t\t<div class=\"elementor-text-editor elementor-clearfix\"><p><img loading=\"lazy\" class=\"alignnone size-medium wp-image-399\" src=\"https:\/\/www.eaubleue-lorient.info\/wp-content\/uploads\/2020\/06\/jesus62-215x300.jpg\" alt=\"\" width=\"215\" height=\"300\" srcset=\"https:\/\/www.eaubleue-lorient.info\/wp-content\/uploads\/2020\/06\/jesus62-215x300.jpg 215w, https:\/\/www.eaubleue-lorient.info\/wp-content\/uploads\/2020\/06\/jesus62.jpg 500w\" sizes=\"(max-width: 215px) 100vw, 215px\" \/><\/p>\n<p><span style=\"font-weight: normal;\">Du<\/span><span style=\"font-weight: normal;\"> 15 janvier au 13 avril 1974, \u00e0 Ar\u00e8s en Gironde (France), une nuit sur deux \u00e0 peu pr\u00e8s, J\u00e9sus, bien ressuscit\u00e9 en chair\u00a0et en os, appara\u00eet et parle quarante fois \u00e0 Michel Potay dans une pi\u00e8ce de sa maison qu\u2019il retape. Cette r\u00e9v\u00e9lation est appel\u00e9e tout naturellement\u00a0L\u2019\u00c9vangile donn\u00e9 \u00e0 Ar\u00e8s\u00a0par le t\u00e9moin, car J\u00e9sus en est le messager et\u00a0son enseignement poursuit celui des \u00e9vangiles palestiniens de Matthieu, Marc et Luc.<\/span><\/p>\n<h6><i style=\"font-size: 0.857143rem; font-weight: 400;\"><b>En savoir plus : <\/b><\/i><a style=\"font-size: 0.857143rem; font-weight: 400;\" href=\"http:\/\/www.michelpotay.info\/Revelation_Ares_Jesus.html\" target=\"_blank\" rel=\"noopener\"><i>http:\/\/www.michelpotay.info\/Revelation_Ares_Jesus.html<\/i><\/a><\/h6>\n<p>R\u00e9cit du t\u00e9moin en vid\u00e9o:<\/p>\n<p><div style=\"width: 440px;\" class=\"wp-video\"><!--[if lt IE 9]><script>document.createElement('video');<\/script><![endif]-->\n<video class=\"wp-video-shortcode\" id=\"video-207-1\" width=\"440\" height=\"248\" preload=\"metadata\" controls=\"controls\"><source type=\"video\/x-flv\" src=\"http:\/\/www.eaubleue-lorient.info\/wp-content\/uploads\/2020\/07\/152-Michel-Potay-parle-de-Je\u0301sus-apparu-en-1974.flv?_=1\" \/><a href=\"http:\/\/www.eaubleue-lorient.info\/wp-content\/uploads\/2020\/07\/152-Michel-Potay-parle-de-Je\u0301sus-apparu-en-1974.flv\">http:\/\/www.eaubleue-lorient.info\/wp-content\/uploads\/2020\/07\/152-Michel-Potay-parle-de-Je\u0301sus-apparu-en-1974.flv<\/a><\/video><\/div><\/p>\n<p>\u00a0<\/p>\n<p><!-- \/wp:paragraph --><\/p>\n<p><!-- wp:paragraph --><\/p>\n<p><!-- \/wp:paragraph --><\/p>\n<p><!-- wp:paragraph --><\/p>\n<p><img loading=\"lazy\" class=\"alignnone size-medium wp-image-52\" src=\"https:\/\/www.eaubleue-lorient.info\/wp-content\/uploads\/2020\/05\/cropped-baton-lumie\u0300re-1-300x300.jpg\" alt=\"\" width=\"300\" height=\"300\" srcset=\"https:\/\/www.eaubleue-lorient.info\/wp-content\/uploads\/2020\/05\/cropped-baton-lumie\u0300re-1-300x300.jpg 300w, https:\/\/www.eaubleue-lorient.info\/wp-content\/uploads\/2020\/05\/cropped-baton-lumie\u0300re-1-150x150.jpg 150w, https:\/\/www.eaubleue-lorient.info\/wp-content\/uploads\/2020\/05\/cropped-baton-lumie\u0300re-1-270x270.jpg 270w, https:\/\/www.eaubleue-lorient.info\/wp-content\/uploads\/2020\/05\/cropped-baton-lumie\u0300re-1-192x192.jpg 192w, https:\/\/www.eaubleue-lorient.info\/wp-content\/uploads\/2020\/05\/cropped-baton-lumie\u0300re-1-180x180.jpg 180w, https:\/\/www.eaubleue-lorient.info\/wp-content\/uploads\/2020\/05\/cropped-baton-lumie\u0300re-1-32x32.jpg 32w, https:\/\/www.eaubleue-lorient.info\/wp-content\/uploads\/2020\/05\/cropped-baton-lumie\u0300re-1.jpg 512w\" sizes=\"(max-width: 300px) 100vw, 300px\" \/><\/p>\n<p><span style=\"font-size: 15px;\">\u00a0<\/span><\/p>\n<p><span style=\"font-size: 15px;\">Du 2 octobre au 22 novembre 1977, Le Cr\u00e9ateur de l\u2019Univers se manifeste cinq fois dans une impressionnante conflagration surnaturelle au milieu\u00a0 de laquelle Fr\u00e8re Michel \u00e9coute et note ce que lui dit la Voix de Dieu au travers d\u2019un b\u00e2ton de Lumi\u00e8re \u00e9blouissant. Ces visites du Cr\u00e9ateur ou th\u00e9ophanies se produisent dans une chapelle voisine de la maison o\u00f9 apparut J\u00e9sus en 1974. Le t\u00e9moin nommera ce message Le Livre en souvenir de ce que le Cr\u00e9ateur lui dit :\u00a0 \u00ab Tu ouvres le bon Livre enfin \u00bb (I\/11).<\/span><\/p>\n<p>\u00a0<\/p>\n<p>R\u00e9cit du t\u00e9moin :<\/p>\n<p><div style=\"width: 440px;\" class=\"wp-video\"><video class=\"wp-video-shortcode\" id=\"video-207-2\" width=\"440\" height=\"248\" preload=\"metadata\" controls=\"controls\"><source type=\"video\/x-flv\" src=\"http:\/\/www.eaubleue-lorient.info\/wp-content\/uploads\/2020\/07\/Le-Cre\u0301ateur.flv?_=2\" \/><a href=\"http:\/\/www.eaubleue-lorient.info\/wp-content\/uploads\/2020\/07\/Le-Cre\u0301ateur.flv\">http:\/\/www.eaubleue-lorient.info\/wp-content\/uploads\/2020\/07\/Le-Cre\u0301ateur.flv<\/a><\/video><\/div><\/p>\n<p><!-- \/wp:paragraph --><\/p>\n<p><!-- wp:paragraph --><\/p>\n<p><strong>En savoir plus\u00a0:\u00a0<\/strong><\/p>\n<h3><i style=\"font-size: 16px; font-weight: normal;\"><a style=\"font-size: 16px;\" href=\"http:\/\/www.michelpotay.info\/Revelation_Ares_Le_Createur.html\" target=\"_blank\" rel=\"noopener\">http:\/\/www.michelpotay.info\/Revelation_Ares_Le_Createur.html<\/a><\/i>\u00a0 \u00a0 \u00a0 \u00a0 \u00a0 \u00a0 \u00a0 \u00a0 \u00a0 \u00a0 \u00a0 \u00a0 \u00a0 \u00a0 \u00a0 \u00a0 \u00a0 \u00a0 \u00a0 \u00a0\u00a0<\/h3>\n<p><!-- \/wp:paragraph --><\/p>\n<p><!-- wp:image {\"align\":\"right\",\"id\":72,\"width\":161,\"height\":262} --><\/p>\n<p><!-- \/wp:image --><\/p>\n<p><!-- wp:image {\"align\":\"left\",\"width\":137,\"height\":188} --><\/p>\n<div>\u00a0<\/div>\n<p><!-- \/wp:image --><\/p><\/div>\n\t\t\t\t<\/div>\n\t\t\t\t<\/div>\n\t\t\t\t\t\t<\/div>\n\t\t\t\t\t<\/div>\n\t\t<\/div>\n\t\t\t\t\t\t\t\t<\/div>\n\t\t\t\t\t<\/div>\n\t\t<\/section>\n\t\t\t\t\t\t<\/div>\n\t\t\t\t\t\t<\/div>\n\t\t\t\t\t<\/div>\n\t\t","protected":false},"excerpt":{"rendered":"<p>Du 15 janvier au 13 avril 1974, \u00e0 Ar\u00e8s en Gironde (France), une nuit sur deux \u00e0 peu pr\u00e8s, J\u00e9sus, bien ressuscit\u00e9 en chair\u00a0et en os, appara\u00eet et parle quarante fois \u00e0 Michel Potay dans une pi\u00e8ce de sa maison qu\u2019il retape. Cette r\u00e9v\u00e9lation est appel\u00e9e tout naturellement\u00a0L\u2019\u00c9vangile donn\u00e9 \u00e0 Ar\u00e8s\u00a0par le t\u00e9moin, car J\u00e9sus [&hellip;]<\/p>\n","protected":false},"author":1,"featured_media":0,"parent":0,"menu_order":0,"comment_status":"closed","ping_status":"closed","template":"","meta":[],"yoast_head":"<!-- This site is optimized with the Yoast SEO plugin v15.0 - https:\/\/yoast.com\/wordpress\/plugins\/seo\/ -->\n<meta name=\"robots\" content=\"index, follow, max-snippet:-1, max-image-preview:large, max-video-preview:-1\" \/>\n<link rel=\"canonical\" href=\"https:\/\/www.eaubleue-lorient.info\/index.php\/les-evenements\/\" \/>\n<meta property=\"og:locale\" content=\"fr_FR\" \/>\n<meta property=\"og:type\" content=\"article\" \/>\n<meta property=\"og:title\" content=\"Les \u00e9v\u00e8nements - Eau Bleue Lorient\" \/>\n<meta property=\"og:description\" content=\"Du 15 janvier au 13 avril 1974, \u00e0 Ar\u00e8s en Gironde (France), une nuit sur deux \u00e0 peu pr\u00e8s, J\u00e9sus, bien ressuscit\u00e9 en chair\u00a0et en os, appara\u00eet et parle quarante fois \u00e0 Michel Potay dans une pi\u00e8ce de sa maison qu\u2019il retape. Cette r\u00e9v\u00e9lation est appel\u00e9e tout naturellement\u00a0L\u2019\u00c9vangile donn\u00e9 \u00e0 Ar\u00e8s\u00a0par le t\u00e9moin, car J\u00e9sus [&hellip;]\" \/>\n<meta property=\"og:url\" content=\"https:\/\/www.eaubleue-lorient.info\/index.php\/les-evenements\/\" \/>\n<meta property=\"og:site_name\" content=\"Eau Bleue Lorient\" \/>\n<meta property=\"article:modified_time\" content=\"2024-09-04T08:18:02+00:00\" \/>\n<meta property=\"og:image\" content=\"https:\/\/www.eaubleue-lorient.info\/wp-content\/uploads\/2020\/06\/jesus62-215x300.jpg\" \/>\n<meta name=\"twitter:card\" content=\"summary_large_image\" \/>\n<script type=\"application\/ld+json\" class=\"yoast-schema-graph\">{\"@context\":\"https:\/\/schema.org\",\"@graph\":[{\"@type\":\"WebSite\",\"@id\":\"https:\/\/www.eaubleue-lorient.info\/#website\",\"url\":\"https:\/\/www.eaubleue-lorient.info\/\",\"name\":\"Eau Bleue Lorient\",\"description\":\"\",\"potentialAction\":[{\"@type\":\"SearchAction\",\"target\":\"https:\/\/www.eaubleue-lorient.info\/?s={search_term_string}\",\"query-input\":\"required name=search_term_string\"}],\"inLanguage\":\"fr-FR\"},{\"@type\":\"ImageObject\",\"@id\":\"https:\/\/www.eaubleue-lorient.info\/index.php\/les-evenements\/#primaryimage\",\"inLanguage\":\"fr-FR\",\"url\":\"https:\/\/www.eaubleue-lorient.info\/wp-content\/uploads\/2020\/06\/jesus62.jpg\",\"width\":500,\"height\":699},{\"@type\":\"WebPage\",\"@id\":\"https:\/\/www.eaubleue-lorient.info\/index.php\/les-evenements\/#webpage\",\"url\":\"https:\/\/www.eaubleue-lorient.info\/index.php\/les-evenements\/\",\"name\":\"Les \\u00e9v\\u00e8nements - Eau Bleue Lorient\",\"isPartOf\":{\"@id\":\"https:\/\/www.eaubleue-lorient.info\/#website\"},\"primaryImageOfPage\":{\"@id\":\"https:\/\/www.eaubleue-lorient.info\/index.php\/les-evenements\/#primaryimage\"},\"datePublished\":\"2020-05-10T17:21:22+00:00\",\"dateModified\":\"2024-09-04T08:18:02+00:00\",\"inLanguage\":\"fr-FR\",\"potentialAction\":[{\"@type\":\"ReadAction\",\"target\":[\"https:\/\/www.eaubleue-lorient.info\/index.php\/les-evenements\/\"]}]}]}<\/script>\n<!-- \/ Yoast SEO plugin. -->","_links":{"self":[{"href":"https:\/\/www.eaubleue-lorient.info\/index.php\/wp-json\/wp\/v2\/pages\/207"}],"collection":[{"href":"https:\/\/www.eaubleue-lorient.info\/index.php\/wp-json\/wp\/v2\/pages"}],"about":[{"href":"https:\/\/www.eaubleue-lorient.info\/index.php\/wp-json\/wp\/v2\/types\/page"}],"author":[{"embeddable":true,"href":"https:\/\/www.eaubleue-lorient.info\/index.php\/wp-json\/wp\/v2\/users\/1"}],"replies":[{"embeddable":true,"href":"https:\/\/www.eaubleue-lorient.info\/index.php\/wp-json\/wp\/v2\/comments?post=207"}],"version-history":[{"count":50,"href":"https:\/\/www.eaubleue-lorient.info\/index.php\/wp-json\/wp\/v2\/pages\/207\/revisions"}],"predecessor-version":[{"id":1108,"href":"https:\/\/www.eaubleue-lorient.info\/index.php\/wp-json\/wp\/v2\/pages\/207\/revisions\/1108"}],"wp:attachment":[{"href":"https:\/\/www.eaubleue-lorient.info\/index.php\/wp-json\/wp\/v2\/media?parent=207"}],"curies":[{"name":"wp","href":"https:\/\/api.w.org\/{rel}","templated":true}]}}