{"id":209,"date":"2020-05-10T19:23:09","date_gmt":"2020-05-10T17:23:09","guid":{"rendered":"http:\/\/www.eaubleue-amor.info\/?page_id=209"},"modified":"2024-09-04T10:27:06","modified_gmt":"2024-09-04T08:27:06","slug":"le-message","status":"publish","type":"page","link":"https:\/\/www.eaubleue-lorient.info\/index.php\/le-message\/","title":{"rendered":"Le message"},"content":{"rendered":"\t\t<div data-elementor-type=\"wp-page\" data-elementor-id=\"209\" class=\"elementor elementor-209\" data-elementor-settings=\"[]\">\n\t\t\t\t\t\t<div class=\"elementor-inner\">\n\t\t\t\t\t\t\t<div class=\"elementor-section-wrap\">\n\t\t\t\t\t\t\t<section class=\"elementor-section elementor-top-section elementor-element elementor-element-7f6ec2f5 elementor-section-full_width elementor-section-height-default elementor-section-height-default\" data-id=\"7f6ec2f5\" data-element_type=\"section\">\n\t\t\t\t\t\t<div class=\"elementor-container elementor-column-gap-no\">\n\t\t\t\t\t\t\t<div class=\"elementor-row\">\n\t\t\t\t\t<div class=\"elementor-column elementor-col-100 elementor-top-column elementor-element elementor-element-6573346\" data-id=\"6573346\" data-element_type=\"column\">\n\t\t\t<div class=\"elementor-column-wrap elementor-element-populated\">\n\t\t\t\t\t\t\t<div class=\"elementor-widget-wrap\">\n\t\t\t\t\t\t<div class=\"elementor-element elementor-element-89b789f elementor-widget elementor-widget-text-editor\" data-id=\"89b789f\" data-element_type=\"widget\" data-widget_type=\"text-editor.default\">\n\t\t\t\t<div class=\"elementor-widget-container\">\n\t\t\t\t\t<div class=\"elementor-text-editor elementor-clearfix\"><p><img loading=\"lazy\" class=\"wp-image-736 alignleft\" src=\"http:\/\/www.eaubleue-amor.info\/wp-content\/uploads\/2020\/07\/RA-1-300x167.png\" alt=\"\" width=\"222\" height=\"123\" srcset=\"https:\/\/www.eaubleue-lorient.info\/wp-content\/uploads\/2020\/07\/RA-1-300x167.png 300w, https:\/\/www.eaubleue-lorient.info\/wp-content\/uploads\/2020\/07\/RA-1-624x348.png 624w, https:\/\/www.eaubleue-lorient.info\/wp-content\/uploads\/2020\/07\/RA-1.png 638w\" sizes=\"(max-width: 222px) 100vw, 222px\" \/>La phrase pivot de la R\u00e9v\u00e9lation d\u2019Ar\u00e8s est (28\/7) :\u00a0 \u00ab\u00a0La v\u00e9rit\u00e9 c\u2019est que\u00a0 le monde doit changer\u00a0\u00bb\u00a0. Le mal n\u2019est pas une fatalit\u00e9. Tout homme peut renoncer au mal (cynisme, mensonge, violence, m\u00e9chancet\u00e9, etc.) et activer le bien sans la religion, la politique, les lois, les tribunaux, tout simplement en devenant p\u00e9nitent\u00a0: C\u2019est \u00e0 dire en s\u2019effor\u00e7ant librement d\u2019aimer tous les hommes, de pardonner toutes les offenses, de faire la paix avec tous, de retrouver l\u2019intelligence\u00a0du c\u0153ur libre de tout pr\u00e9jug\u00e9. D\u2019autre part,\u00a0La R\u00e9v\u00e9lation d\u2019Ar\u00e8s\u00a0nous dit que personne ne se\u00a0change en bien\u00a0uniquement pour soi et dans son coin.\u00a0Le bien est actif et cr\u00e9atif par nature. Voil\u00e0 pourquoi\u00a0La R\u00e9v\u00e9lation d\u2019Ar\u00e8s\u00a0appelle \u00e0 la\u00a0moisson (38\/2)\u00a0 qui consiste\u00a0\u00e0 trouver et \u00e0 rassembler tous ceux qui, croyants ou humanistes ath\u00e9es, consentent librement \u00e0 \u00eatre p\u00e9nitents\u00a0et moissonneurs . Le Bien,\u00a0m\u00eame s\u2019il est encore trop rare, deviendra contagieux et le monde changera. Car la R\u00e9v\u00e9lation d\u2019Ar\u00e8s appelle les hommes ni plus ni moins \u00e0 changer le monde dans les g\u00e9n\u00e9rations qui viennent.<\/p>\n<p><!-- \/wp:paragraph --><\/p>\n<p><!-- wp:paragraph --><\/p>\n<p>Lien vers une vid\u00e9o de pr\u00e9sentation de la RA sur la page: <a href=\"https:\/\/www.dailymotion.com\/video\/x5bxm3l_la-revelation-d-ares-en-bref_people\" target=\"_blank\" rel=\"noreferrer noopener\">https:\/\/www.dailymotion.com\/video\/x5bxm3l_la-revelation-d-ares-en-bref_people<\/a><\/p>\n<p><!-- \/wp:paragraph --><\/p>\n<p><!-- wp:paragraph --><\/p>\n<p><strong>Liens vers d&#8217;autres sites\u00a0:<\/strong><\/p>\n<p><!-- \/wp:paragraph --><\/p>\n<p><!-- wp:paragraph --><\/p>\n<p>Paris :<a href=\"http:\/\/revelation-ares.paris\/revelation-ares\/\" target=\"_blank\" rel=\"noreferrer noopener\">\u00a0http:\/\/revelation-ares.paris\/revelation-ares\/<\/a><\/p>\n<p><!-- \/wp:paragraph --><\/p>\n<p><!-- wp:paragraph --><\/p>\n<p>Bordeaux\u00a0:<a href=\"https:\/\/revelation-ares.info\/\">https:\/\/revelation-ares.info\/<\/a><\/p>\n<p><!-- \/wp:paragraph --><\/p>\n<p><!-- wp:paragraph --><\/p>\n<p>Association pour la Diffusion de la R\u00e9v\u00e9lation d\u2019Ar\u00e8s : ADIRA\u00a0<a href=\"https:\/\/www.adira.net\/fr\/\">https:\/\/www.adira.net\/fr\/<\/a><\/p>\n<p><!-- \/wp:paragraph --><\/p><\/div>\n\t\t\t\t<\/div>\n\t\t\t\t<\/div>\n\t\t\t\t\t\t<\/div>\n\t\t\t\t\t<\/div>\n\t\t<\/div>\n\t\t\t\t\t\t\t\t<\/div>\n\t\t\t\t\t<\/div>\n\t\t<\/section>\n\t\t\t\t\t\t<\/div>\n\t\t\t\t\t\t<\/div>\n\t\t\t\t\t<\/div>\n\t\t","protected":false},"excerpt":{"rendered":"<p>La phrase pivot de la R\u00e9v\u00e9lation d\u2019Ar\u00e8s est (28\/7) :\u00a0 \u00ab\u00a0La v\u00e9rit\u00e9 c\u2019est que\u00a0 le monde doit changer\u00a0\u00bb\u00a0. Le mal n\u2019est pas une fatalit\u00e9. Tout homme peut renoncer au mal (cynisme, mensonge, violence, m\u00e9chancet\u00e9, etc.) et activer le bien sans la religion, la politique, les lois, les tribunaux, tout simplement en devenant p\u00e9nitent\u00a0: C\u2019est \u00e0 [&hellip;]<\/p>\n","protected":false},"author":1,"featured_media":0,"parent":0,"menu_order":0,"comment_status":"closed","ping_status":"closed","template":"","meta":[],"yoast_head":"<!-- This site is optimized with the Yoast SEO plugin v15.0 - https:\/\/yoast.com\/wordpress\/plugins\/seo\/ -->\n<meta name=\"robots\" content=\"index, follow, max-snippet:-1, max-image-preview:large, max-video-preview:-1\" \/>\n<link rel=\"canonical\" href=\"https:\/\/www.eaubleue-lorient.info\/index.php\/le-message\/\" \/>\n<meta property=\"og:locale\" content=\"fr_FR\" \/>\n<meta property=\"og:type\" content=\"article\" \/>\n<meta property=\"og:title\" content=\"Le message - Eau Bleue Lorient\" \/>\n<meta property=\"og:description\" content=\"La phrase pivot de la R\u00e9v\u00e9lation d\u2019Ar\u00e8s est (28\/7) :\u00a0 \u00ab\u00a0La v\u00e9rit\u00e9 c\u2019est que\u00a0 le monde doit changer\u00a0\u00bb\u00a0. Le mal n\u2019est pas une fatalit\u00e9. Tout homme peut renoncer au mal (cynisme, mensonge, violence, m\u00e9chancet\u00e9, etc.) et activer le bien sans la religion, la politique, les lois, les tribunaux, tout simplement en devenant p\u00e9nitent\u00a0: C\u2019est \u00e0 [&hellip;]\" \/>\n<meta property=\"og:url\" content=\"https:\/\/www.eaubleue-lorient.info\/index.php\/le-message\/\" \/>\n<meta property=\"og:site_name\" content=\"Eau Bleue Lorient\" \/>\n<meta property=\"article:modified_time\" content=\"2024-09-04T08:27:06+00:00\" \/>\n<meta property=\"og:image\" content=\"http:\/\/www.eaubleue-amor.info\/wp-content\/uploads\/2020\/07\/RA-1-300x167.png\" \/>\n<meta name=\"twitter:card\" content=\"summary_large_image\" \/>\n<script type=\"application\/ld+json\" class=\"yoast-schema-graph\">{\"@context\":\"https:\/\/schema.org\",\"@graph\":[{\"@type\":\"WebSite\",\"@id\":\"https:\/\/www.eaubleue-lorient.info\/#website\",\"url\":\"https:\/\/www.eaubleue-lorient.info\/\",\"name\":\"Eau Bleue Lorient\",\"description\":\"\",\"potentialAction\":[{\"@type\":\"SearchAction\",\"target\":\"https:\/\/www.eaubleue-lorient.info\/?s={search_term_string}\",\"query-input\":\"required name=search_term_string\"}],\"inLanguage\":\"fr-FR\"},{\"@type\":\"ImageObject\",\"@id\":\"https:\/\/www.eaubleue-lorient.info\/index.php\/le-message\/#primaryimage\",\"inLanguage\":\"fr-FR\",\"url\":\"http:\/\/www.eaubleue-amor.info\/wp-content\/uploads\/2020\/07\/RA-1-300x167.png\"},{\"@type\":\"WebPage\",\"@id\":\"https:\/\/www.eaubleue-lorient.info\/index.php\/le-message\/#webpage\",\"url\":\"https:\/\/www.eaubleue-lorient.info\/index.php\/le-message\/\",\"name\":\"Le message - Eau Bleue Lorient\",\"isPartOf\":{\"@id\":\"https:\/\/www.eaubleue-lorient.info\/#website\"},\"primaryImageOfPage\":{\"@id\":\"https:\/\/www.eaubleue-lorient.info\/index.php\/le-message\/#primaryimage\"},\"datePublished\":\"2020-05-10T17:23:09+00:00\",\"dateModified\":\"2024-09-04T08:27:06+00:00\",\"inLanguage\":\"fr-FR\",\"potentialAction\":[{\"@type\":\"ReadAction\",\"target\":[\"https:\/\/www.eaubleue-lorient.info\/index.php\/le-message\/\"]}]}]}<\/script>\n<!-- \/ Yoast SEO plugin. -->","_links":{"self":[{"href":"https:\/\/www.eaubleue-lorient.info\/index.php\/wp-json\/wp\/v2\/pages\/209"}],"collection":[{"href":"https:\/\/www.eaubleue-lorient.info\/index.php\/wp-json\/wp\/v2\/pages"}],"about":[{"href":"https:\/\/www.eaubleue-lorient.info\/index.php\/wp-json\/wp\/v2\/types\/page"}],"author":[{"embeddable":true,"href":"https:\/\/www.eaubleue-lorient.info\/index.php\/wp-json\/wp\/v2\/users\/1"}],"replies":[{"embeddable":true,"href":"https:\/\/www.eaubleue-lorient.info\/index.php\/wp-json\/wp\/v2\/comments?post=209"}],"version-history":[{"count":26,"href":"https:\/\/www.eaubleue-lorient.info\/index.php\/wp-json\/wp\/v2\/pages\/209\/revisions"}],"predecessor-version":[{"id":1113,"href":"https:\/\/www.eaubleue-lorient.info\/index.php\/wp-json\/wp\/v2\/pages\/209\/revisions\/1113"}],"wp:attachment":[{"href":"https:\/\/www.eaubleue-lorient.info\/index.php\/wp-json\/wp\/v2\/media?parent=209"}],"curies":[{"name":"wp","href":"https:\/\/api.w.org\/{rel}","templated":true}]}}