{"id":223,"date":"2020-05-10T19:33:42","date_gmt":"2020-05-10T17:33:42","guid":{"rendered":"http:\/\/www.eaubleue-amor.info\/?page_id=223"},"modified":"2024-10-10T21:20:36","modified_gmt":"2024-10-10T19:20:36","slug":"penitence-et-moisson","status":"publish","type":"page","link":"https:\/\/www.eaubleue-lorient.info\/index.php\/penitence-et-moisson\/","title":{"rendered":"P\u00e9nitence et moisson"},"content":{"rendered":"\t\t<div data-elementor-type=\"wp-page\" data-elementor-id=\"223\" class=\"elementor elementor-223\" data-elementor-settings=\"[]\">\n\t\t\t\t\t\t<div class=\"elementor-inner\">\n\t\t\t\t\t\t\t<div class=\"elementor-section-wrap\">\n\t\t\t\t\t\t\t<section class=\"elementor-section elementor-top-section elementor-element elementor-element-195679f3 elementor-section-boxed elementor-section-height-default elementor-section-height-default\" data-id=\"195679f3\" data-element_type=\"section\">\n\t\t\t\t\t\t<div class=\"elementor-container elementor-column-gap-default\">\n\t\t\t\t\t\t\t<div class=\"elementor-row\">\n\t\t\t\t\t<div class=\"elementor-column elementor-col-100 elementor-top-column elementor-element elementor-element-4874f5cc\" data-id=\"4874f5cc\" data-element_type=\"column\">\n\t\t\t<div class=\"elementor-column-wrap elementor-element-populated\">\n\t\t\t\t\t\t\t<div class=\"elementor-widget-wrap\">\n\t\t\t\t\t\t<div class=\"elementor-element elementor-element-20739ae elementor-widget elementor-widget-text-editor\" data-id=\"20739ae\" data-element_type=\"widget\" data-widget_type=\"text-editor.default\">\n\t\t\t\t<div class=\"elementor-widget-container\">\n\t\t\t\t\t<div class=\"elementor-text-editor elementor-clearfix\"><p><em>La<\/em><strong style=\"font-size: 16px;\"><em> p\u00e9nitence* :<\/em><\/strong><\/p>\n<p><!-- \/wp:paragraph --><\/p>\n<p><!-- wp:paragraph --><\/p>\n<p>Le P\u00e8re nous pr\u00e9vient : il est temps que le monde soit sauv\u00e9, avant que ne pleuve le p\u00e9ch\u00e9 des p\u00e9ch\u00e9s (38\/2). Ce monde court \u00e0 sa perte. Avec Le Signe, l\u2019heure du Renouveau a sonn\u00e9 : Tu vois le Retour (i\/1). Je descends prendre racine au milieu de ta g\u00e9n\u00e9ration pour en \u00eatre la Vigne (30\/6). Il est\u00a0 urgent de r\u00e9veiller nos consciences en installant dans ce monde la vie spirituelle par la pratique de <strong>la p\u00e9nitence*<\/strong>. <strong>Le Cr\u00e9ateur<\/strong> dans <strong>Le Signe<\/strong> (28\/7) dit : \u00ab La v\u00e9rit\u00e9 c\u2019est que le monde doit changer \u00bb.\u00a0 Mais pour que le monde change il est d\u2019abord n\u00e9cessaire que l\u2019homme change sa vie.<\/p>\n<p>C\u2019est pourquoi les p\u00e8lerins d\u2019Ar\u00e8s sont avant tout <strong>des p\u00e9nitents*<\/strong>, <em>c&#8217;est \u00e0 dire :\u00a0 des hommes en effort constant de se changer en bien. En s\u2019effor\u00e7ant d\u2019aimer tous les hommes, m\u00eames leurs ennemis comme disait J\u00e9sus, de pardonner toutes les offenses, de faire la paix avec tous,\u00a0 \u00a0de rechercher l\u2019intelligence spirituelle ou intelligence du coeur libre de pr\u00e9jug\u00e9s<\/em>. Sans p\u00e9nitence c\u2019est la r\u00e9volution, un pouvoir remplace un autre et l\u2019histoire de la vengeance sans fin recommence sans cesse.<\/p>\n<p><!-- \/wp:paragraph --><\/p>\n<p><!-- wp:paragraph --><\/p>\n<p><!-- \/wp:paragraph --><\/p>\n<p><!-- wp:paragraph --><\/p>\n<p><strong>\u00a0<\/strong><strong>La moisson*:\u00a0<\/strong><\/p>\n<p><!-- \/wp:paragraph --><\/p>\n<p><!-- wp:paragraph --><\/p>\n<p>Pour que le monde change , il faut un grand nombre de p\u00e9nitents aussi les p\u00e8lerins d\u2019Ar\u00e8s participent \u00e0 <strong>la moisson<\/strong> des p\u00e9nitents qui ne consiste pas \u00e0 convaincre mais \u00e0 rassembler les hommes d\u00e9j\u00e0 convaincus dans leur coeur de la n\u00e9cessit\u00e9 de devenir bons. Pour que le monde change l\u2019entraide est n\u00e9cessaire mais dans la libert\u00e9 .<\/p>\n<p><img loading=\"lazy\" class=\"alignleft wp-image-694 size-medium\" src=\"http:\/\/www.eaubleue-amor.info\/wp-content\/uploads\/2020\/07\/moisson-7-203x300.jpg\" alt=\"\" width=\"203\" height=\"300\" srcset=\"https:\/\/www.eaubleue-lorient.info\/wp-content\/uploads\/2020\/07\/moisson-7-203x300.jpg 203w, https:\/\/www.eaubleue-lorient.info\/wp-content\/uploads\/2020\/07\/moisson-7-693x1024.jpg 693w, https:\/\/www.eaubleue-lorient.info\/wp-content\/uploads\/2020\/07\/moisson-7-768x1135.jpg 768w, https:\/\/www.eaubleue-lorient.info\/wp-content\/uploads\/2020\/07\/moisson-7-1039x1536.jpg 1039w, https:\/\/www.eaubleue-lorient.info\/wp-content\/uploads\/2020\/07\/moisson-7-1386x2048.jpg 1386w, https:\/\/www.eaubleue-lorient.info\/wp-content\/uploads\/2020\/07\/moisson-7-624x922.jpg 624w, https:\/\/www.eaubleue-lorient.info\/wp-content\/uploads\/2020\/07\/moisson-7-scaled.jpg 1732w\" sizes=\"(max-width: 203px) 100vw, 203px\" \/><\/p>\n<p><span style=\"font-size: 14px;\">Le monde ne changera pas si chacun reste dans son coin faire le bien, car le v\u00e9ritable Bien n\u2019existe que partager. Des hommes libres peuvent travailler ensemble et s\u2019entendre, la libert\u00e9 n\u2019est pas incompatible avec le travail en groupe bien au contraire sinon notre libert\u00e9 n\u2019est qu\u2019une libert\u00e9 d\u2019individualiste . Aussi, les p\u00e8lerins d\u2019Ar\u00e8s n\u2019ont ni chefs, ni r\u00e8gles, ni dogmes, ni lois mais uniquement leur conscience comme guide et travaillent ensemble en assembl\u00e9e. Ils forment une anarkhia de p\u00e9nitents (anarkhia (grec \u1f00\u03bd\u03b1\u03c1\u03c7\u03af\u03b1) : soci\u00e9t\u00e9 organis\u00e9e et g\u00e9r\u00e9e sans gouvernement o\u00f9 nul ne pr\u00e9tend avoir un pouvoir sur l\u2019autre.) pacifiques, leur seule arme c\u2019est l\u2019amour.\u00a0<\/span><\/p>\n<p><!-- \/wp:paragraph --><\/p>\n<p><!-- wp:paragraph --><\/p>\n<p>Le changement du monde se fera dans le temps sans h\u00e2te : \u00ab Quatre g\u00e9n\u00e9rations ne suffiront pas \u00bb nous dit Le Signe 24\/2. \u00ab<em>\u00a0R\u00e9pugne \u00e0 la h\u00e2te et \u00e0 la science ce sont les portes par o\u00f9 entre le mal dans le monde.<\/em>\u00a0\u00bb R\u00e9v\u00e9lation d\u2019Ar\u00e8s 39\/3. Les politiques promettent le changement pour demain par des lois, mais rien ne change dans le fond car pour que les choses changent r\u00e9ellement, il faut que l\u2019homme change et cela prend du temps. \u00ab <em>Proc\u00e8de sans h\u00e2te. \u00a0La larve en se h\u00e2tant rejoint-elle l\u2019abeille\u00a0? Elle doit accomplir son temps.<\/em> \u00bb Le Signe 24\/2 .<\/p>\n<p>Lien vers une soci\u00e9t\u00e9 sans chef.\u00a0<\/p>\n<p><a href=\"https:\/\/www.youtube.com\/watch?v=5lnby6oz-7I\" target=\"_blank\" rel=\"noopener\">https:\/\/www.youtube.com\/watch?v=5lnby6oz-7I<\/a>Le Signe<\/p>\n<p><!-- \/wp:paragraph --><\/p><\/div>\n\t\t\t\t<\/div>\n\t\t\t\t<\/div>\n\t\t\t\t\t\t<\/div>\n\t\t\t\t\t<\/div>\n\t\t<\/div>\n\t\t\t\t\t\t\t\t<\/div>\n\t\t\t\t\t<\/div>\n\t\t<\/section>\n\t\t\t\t\t\t<\/div>\n\t\t\t\t\t\t<\/div>\n\t\t\t\t\t<\/div>\n\t\t","protected":false},"excerpt":{"rendered":"<p>La p\u00e9nitence* : Le P\u00e8re nous pr\u00e9vient : il est temps que le monde soit sauv\u00e9, avant que ne pleuve le p\u00e9ch\u00e9 des p\u00e9ch\u00e9s (38\/2). Ce monde court \u00e0 sa perte. Avec Le Signe, l\u2019heure du Renouveau a sonn\u00e9 : Tu vois le Retour (i\/1). Je descends prendre racine au milieu de ta g\u00e9n\u00e9ration pour [&hellip;]<\/p>\n","protected":false},"author":1,"featured_media":0,"parent":0,"menu_order":0,"comment_status":"closed","ping_status":"closed","template":"","meta":[],"yoast_head":"<!-- This site is optimized with the Yoast SEO plugin v15.0 - https:\/\/yoast.com\/wordpress\/plugins\/seo\/ -->\n<meta name=\"robots\" content=\"index, follow, max-snippet:-1, max-image-preview:large, max-video-preview:-1\" \/>\n<link rel=\"canonical\" href=\"https:\/\/www.eaubleue-lorient.info\/index.php\/penitence-et-moisson\/\" \/>\n<meta property=\"og:locale\" content=\"fr_FR\" \/>\n<meta property=\"og:type\" content=\"article\" \/>\n<meta property=\"og:title\" content=\"P\u00e9nitence et moisson - Eau Bleue Lorient\" \/>\n<meta property=\"og:description\" content=\"La p\u00e9nitence* : Le P\u00e8re nous pr\u00e9vient : il est temps que le monde soit sauv\u00e9, avant que ne pleuve le p\u00e9ch\u00e9 des p\u00e9ch\u00e9s (38\/2). Ce monde court \u00e0 sa perte. Avec Le Signe, l\u2019heure du Renouveau a sonn\u00e9 : Tu vois le Retour (i\/1). Je descends prendre racine au milieu de ta g\u00e9n\u00e9ration pour [&hellip;]\" \/>\n<meta property=\"og:url\" content=\"https:\/\/www.eaubleue-lorient.info\/index.php\/penitence-et-moisson\/\" \/>\n<meta property=\"og:site_name\" content=\"Eau Bleue Lorient\" \/>\n<meta property=\"article:modified_time\" content=\"2024-10-10T19:20:36+00:00\" \/>\n<meta property=\"og:image\" content=\"http:\/\/www.eaubleue-amor.info\/wp-content\/uploads\/2020\/07\/moisson-7-203x300.jpg\" \/>\n<meta name=\"twitter:card\" content=\"summary_large_image\" \/>\n<script type=\"application\/ld+json\" class=\"yoast-schema-graph\">{\"@context\":\"https:\/\/schema.org\",\"@graph\":[{\"@type\":\"WebSite\",\"@id\":\"https:\/\/www.eaubleue-lorient.info\/#website\",\"url\":\"https:\/\/www.eaubleue-lorient.info\/\",\"name\":\"Eau Bleue Lorient\",\"description\":\"\",\"potentialAction\":[{\"@type\":\"SearchAction\",\"target\":\"https:\/\/www.eaubleue-lorient.info\/?s={search_term_string}\",\"query-input\":\"required name=search_term_string\"}],\"inLanguage\":\"fr-FR\"},{\"@type\":\"ImageObject\",\"@id\":\"https:\/\/www.eaubleue-lorient.info\/index.php\/penitence-et-moisson\/#primaryimage\",\"inLanguage\":\"fr-FR\",\"url\":\"http:\/\/www.eaubleue-amor.info\/wp-content\/uploads\/2020\/07\/moisson-7-203x300.jpg\"},{\"@type\":\"WebPage\",\"@id\":\"https:\/\/www.eaubleue-lorient.info\/index.php\/penitence-et-moisson\/#webpage\",\"url\":\"https:\/\/www.eaubleue-lorient.info\/index.php\/penitence-et-moisson\/\",\"name\":\"P\\u00e9nitence et moisson - Eau Bleue Lorient\",\"isPartOf\":{\"@id\":\"https:\/\/www.eaubleue-lorient.info\/#website\"},\"primaryImageOfPage\":{\"@id\":\"https:\/\/www.eaubleue-lorient.info\/index.php\/penitence-et-moisson\/#primaryimage\"},\"datePublished\":\"2020-05-10T17:33:42+00:00\",\"dateModified\":\"2024-10-10T19:20:36+00:00\",\"inLanguage\":\"fr-FR\",\"potentialAction\":[{\"@type\":\"ReadAction\",\"target\":[\"https:\/\/www.eaubleue-lorient.info\/index.php\/penitence-et-moisson\/\"]}]}]}<\/script>\n<!-- \/ Yoast SEO plugin. -->","_links":{"self":[{"href":"https:\/\/www.eaubleue-lorient.info\/index.php\/wp-json\/wp\/v2\/pages\/223"}],"collection":[{"href":"https:\/\/www.eaubleue-lorient.info\/index.php\/wp-json\/wp\/v2\/pages"}],"about":[{"href":"https:\/\/www.eaubleue-lorient.info\/index.php\/wp-json\/wp\/v2\/types\/page"}],"author":[{"embeddable":true,"href":"https:\/\/www.eaubleue-lorient.info\/index.php\/wp-json\/wp\/v2\/users\/1"}],"replies":[{"embeddable":true,"href":"https:\/\/www.eaubleue-lorient.info\/index.php\/wp-json\/wp\/v2\/comments?post=223"}],"version-history":[{"count":21,"href":"https:\/\/www.eaubleue-lorient.info\/index.php\/wp-json\/wp\/v2\/pages\/223\/revisions"}],"predecessor-version":[{"id":1218,"href":"https:\/\/www.eaubleue-lorient.info\/index.php\/wp-json\/wp\/v2\/pages\/223\/revisions\/1218"}],"wp:attachment":[{"href":"https:\/\/www.eaubleue-lorient.info\/index.php\/wp-json\/wp\/v2\/media?parent=223"}],"curies":[{"name":"wp","href":"https:\/\/api.w.org\/{rel}","templated":true}]}}