{"id":227,"date":"2020-05-10T19:35:19","date_gmt":"2020-05-10T17:35:19","guid":{"rendered":"http:\/\/www.eaubleue-amor.info\/?page_id=227"},"modified":"2024-10-10T21:22:51","modified_gmt":"2024-10-10T19:22:51","slug":"les-puhc","status":"publish","type":"page","link":"https:\/\/www.eaubleue-lorient.info\/index.php\/les-puhc\/","title":{"rendered":"Les PUCS"},"content":{"rendered":"\t\t<div data-elementor-type=\"wp-page\" data-elementor-id=\"227\" class=\"elementor elementor-227\" data-elementor-settings=\"[]\">\n\t\t\t\t\t\t<div class=\"elementor-inner\">\n\t\t\t\t\t\t\t<div class=\"elementor-section-wrap\">\n\t\t\t\t\t\t\t<section class=\"elementor-section elementor-top-section elementor-element elementor-element-5c3b021f elementor-section-boxed elementor-section-height-default elementor-section-height-default\" data-id=\"5c3b021f\" data-element_type=\"section\">\n\t\t\t\t\t\t<div class=\"elementor-container elementor-column-gap-default\">\n\t\t\t\t\t\t\t<div class=\"elementor-row\">\n\t\t\t\t\t<div class=\"elementor-column elementor-col-100 elementor-top-column elementor-element elementor-element-4799abef\" data-id=\"4799abef\" data-element_type=\"column\">\n\t\t\t<div class=\"elementor-column-wrap elementor-element-populated\">\n\t\t\t\t\t\t\t<div class=\"elementor-widget-wrap\">\n\t\t\t\t\t\t<div class=\"elementor-element elementor-element-36a70914 elementor-widget elementor-widget-text-editor\" data-id=\"36a70914\" data-element_type=\"widget\" data-widget_type=\"text-editor.default\">\n\t\t\t\t<div class=\"elementor-widget-container\">\n\t\t\t\t\t<div class=\"elementor-text-editor elementor-clearfix\"><p><!-- wp:paragraph --><\/p>\n<p style=\"text-align: center;\"><strong>Petites nations : ou \u00ab Petites Unit\u00e9s humaines Conf\u00e9d\u00e9r\u00e9es et Souveraines\u00bb\u00a0 \u00a0 <\/strong><\/p>\n<p><!-- \/wp:paragraph --><!-- wp:paragraph --><\/p>\n<p>Le changement se fera dans le temps et des \u00e9tapes seront n\u00e9cessaires, notamment la division des masses en petites unit\u00e9s . La fragmentation des grandes masses nationales politis\u00e9es en petites \u00e9conomies d\u00e9politis\u00e9es, simplement autog\u00e9r\u00e9es, n\u2019aura pas lieu \u00e0 court terme, mais le plus t\u00f4t sera le mieux, parce que les humains ne peuvent vivre fraternellement, s\u2019aimer, se pardonner, faire la paix, agir avec l&#8217;intelligence du coeur (Le Signe 32\/5), \u00eatre libres (10\/10) de tous pr\u00e9jug\u00e9s, bref, \u00eatre p\u00e9nitents qu\u2019en se connaissant vraiment bien, et donc en petits nombres.<\/p>\n<p><!-- \/wp:paragraph --><!-- wp:paragraph --><\/p>\n<p>L\u2019homme \u00e9tant\u00a0Un (xxiv\/1),\u00a0mais dans une multitude de caract\u00e8res, les in\u00e9vitables variations de\u00a0l\u2019amour accompli demandent la fragmentation des grandes masses en petits groupes auto-administr\u00e9s et souverains. L\u2019effort de r\u00e9nover la\u00a0libert\u00e9 (10\/10)\u00a0et la\u00a0dignit\u00e9 (xxxiv\/13, 18\/3, 28\/15)\u00a0de l\u2019homme s\u2019exercera en toute circonstance en opposant l\u2019immense souplesse de\u00a0l\u2019amour\u00a0au raide formalisme grandissant de la pens\u00e9e unique pr\u00e9tendument d\u00e9mocratique, qui menace l\u2019humanit\u00e9 de paralysie et d\u2019esclavage.<img loading=\"lazy\" class=\"size-medium wp-image-767 alignleft\" src=\"http:\/\/www.eaubleue-amor.info\/wp-content\/uploads\/2020\/07\/puhc-paris1-225x300.jpg\" alt=\"\" width=\"225\" height=\"300\" srcset=\"https:\/\/www.eaubleue-lorient.info\/wp-content\/uploads\/2020\/07\/puhc-paris1-225x300.jpg 225w, https:\/\/www.eaubleue-lorient.info\/wp-content\/uploads\/2020\/07\/puhc-paris1-624x832.jpg 624w, https:\/\/www.eaubleue-lorient.info\/wp-content\/uploads\/2020\/07\/puhc-paris1.jpg 720w\" sizes=\"(max-width: 225px) 100vw, 225px\" \/><\/p>\n<p><!-- \/wp:paragraph --><!-- wp:paragraph --><\/p>\n<p>La modernit\u00e9 sociale n\u2019est pas dans la grande masse. La lutte s\u00e9culaire contre l\u2019idol\u00e2trie de la politique, voire m\u00eame du pouvoir ne peut \u00eatre men\u00e9e avec succ\u00e8s que dans les petites nations, dont le P\u00e8re dit qu\u2019elles reviendront vers Lui (Le Signe 28\/21). Les petits cantons suisses ne sont certes pas peupl\u00e9s de p\u00e9nitents mais les gens y vivent mieux que dans les grandes nations.\u00a0 En s\u2019inspirant de leur mod\u00e8le concret pour la France , existeront un jour des petites \u00e9conomies souveraines de p\u00e9nitents qui faciliteront\u00a0 la vie spirituelle et dans un avenir plus\u00a0 lointain le Jour de Dieu (31\/8) .\u00a0<\/p>\n<p><!-- \/wp:paragraph --><!-- wp:paragraph --><\/p>\n<p><!-- \/wp:paragraph --><!-- wp:paragraph --><\/p>\n<p>\u00a0<\/p>\n<p>Liens\u00a0:<\/p>\n<p>Les PUCS :<a href=\"https:\/\/pucs.eu\/\">https:\/\/pucs.fr\/<\/a><\/p>\n<p><a href=\"http:\/\/michelpotayblog.net\/180.html\/180confraternitedeconomies-comments-french.html\" target=\"_blank\" rel=\"noreferrer noopener\">les\u00a0petites unit\u00e9s humaines<\/a>\u00a01<\/p>\n<p><!-- \/wp:paragraph --><!-- wp:paragraph --><\/p>\n<p><!-- \/wp:paragraph --><!-- wp:paragraph --><\/p>\n<p><a href=\"http:\/\/www.puhc.net\/\" target=\"_blank\" rel=\"noreferrer noopener\">confraternit\u00e9s d\u2019\u00e9conomies\u00a0<\/a><\/p>\n<p><!-- \/wp:paragraph --><\/p><\/div>\n\t\t\t\t<\/div>\n\t\t\t\t<\/div>\n\t\t\t\t\t\t<\/div>\n\t\t\t\t\t<\/div>\n\t\t<\/div>\n\t\t\t\t\t\t\t\t<\/div>\n\t\t\t\t\t<\/div>\n\t\t<\/section>\n\t\t\t\t\t\t<\/div>\n\t\t\t\t\t\t<\/div>\n\t\t\t\t\t<\/div>\n\t\t","protected":false},"excerpt":{"rendered":"<p>Petites nations : ou \u00ab Petites Unit\u00e9s humaines Conf\u00e9d\u00e9r\u00e9es et Souveraines\u00bb\u00a0 \u00a0 Le changement se fera dans le temps et des \u00e9tapes seront n\u00e9cessaires, notamment la division des masses en petites unit\u00e9s . La fragmentation des grandes masses nationales politis\u00e9es en petites \u00e9conomies d\u00e9politis\u00e9es, simplement autog\u00e9r\u00e9es, n\u2019aura pas lieu \u00e0 court terme, mais le plus [&hellip;]<\/p>\n","protected":false},"author":1,"featured_media":0,"parent":0,"menu_order":0,"comment_status":"closed","ping_status":"closed","template":"","meta":[],"yoast_head":"<!-- This site is optimized with the Yoast SEO plugin v15.0 - https:\/\/yoast.com\/wordpress\/plugins\/seo\/ -->\n<meta name=\"robots\" content=\"index, follow, max-snippet:-1, max-image-preview:large, max-video-preview:-1\" \/>\n<link rel=\"canonical\" href=\"https:\/\/www.eaubleue-lorient.info\/index.php\/les-puhc\/\" \/>\n<meta property=\"og:locale\" content=\"fr_FR\" \/>\n<meta property=\"og:type\" content=\"article\" \/>\n<meta property=\"og:title\" content=\"Les PUCS - Eau Bleue Lorient\" \/>\n<meta property=\"og:description\" content=\"Petites nations : ou \u00ab Petites Unit\u00e9s humaines Conf\u00e9d\u00e9r\u00e9es et Souveraines\u00bb\u00a0 \u00a0 Le changement se fera dans le temps et des \u00e9tapes seront n\u00e9cessaires, notamment la division des masses en petites unit\u00e9s . La fragmentation des grandes masses nationales politis\u00e9es en petites \u00e9conomies d\u00e9politis\u00e9es, simplement autog\u00e9r\u00e9es, n\u2019aura pas lieu \u00e0 court terme, mais le plus [&hellip;]\" \/>\n<meta property=\"og:url\" content=\"https:\/\/www.eaubleue-lorient.info\/index.php\/les-puhc\/\" \/>\n<meta property=\"og:site_name\" content=\"Eau Bleue Lorient\" \/>\n<meta property=\"article:modified_time\" content=\"2024-10-10T19:22:51+00:00\" \/>\n<meta property=\"og:image\" content=\"http:\/\/www.eaubleue-amor.info\/wp-content\/uploads\/2020\/07\/puhc-paris1-225x300.jpg\" \/>\n<meta name=\"twitter:card\" content=\"summary_large_image\" \/>\n<script type=\"application\/ld+json\" class=\"yoast-schema-graph\">{\"@context\":\"https:\/\/schema.org\",\"@graph\":[{\"@type\":\"WebSite\",\"@id\":\"https:\/\/www.eaubleue-lorient.info\/#website\",\"url\":\"https:\/\/www.eaubleue-lorient.info\/\",\"name\":\"Eau Bleue Lorient\",\"description\":\"\",\"potentialAction\":[{\"@type\":\"SearchAction\",\"target\":\"https:\/\/www.eaubleue-lorient.info\/?s={search_term_string}\",\"query-input\":\"required name=search_term_string\"}],\"inLanguage\":\"fr-FR\"},{\"@type\":\"ImageObject\",\"@id\":\"https:\/\/www.eaubleue-lorient.info\/index.php\/les-puhc\/#primaryimage\",\"inLanguage\":\"fr-FR\",\"url\":\"http:\/\/www.eaubleue-amor.info\/wp-content\/uploads\/2020\/07\/puhc-paris1-225x300.jpg\"},{\"@type\":\"WebPage\",\"@id\":\"https:\/\/www.eaubleue-lorient.info\/index.php\/les-puhc\/#webpage\",\"url\":\"https:\/\/www.eaubleue-lorient.info\/index.php\/les-puhc\/\",\"name\":\"Les PUCS - Eau Bleue Lorient\",\"isPartOf\":{\"@id\":\"https:\/\/www.eaubleue-lorient.info\/#website\"},\"primaryImageOfPage\":{\"@id\":\"https:\/\/www.eaubleue-lorient.info\/index.php\/les-puhc\/#primaryimage\"},\"datePublished\":\"2020-05-10T17:35:19+00:00\",\"dateModified\":\"2024-10-10T19:22:51+00:00\",\"inLanguage\":\"fr-FR\",\"potentialAction\":[{\"@type\":\"ReadAction\",\"target\":[\"https:\/\/www.eaubleue-lorient.info\/index.php\/les-puhc\/\"]}]}]}<\/script>\n<!-- \/ Yoast SEO plugin. -->","_links":{"self":[{"href":"https:\/\/www.eaubleue-lorient.info\/index.php\/wp-json\/wp\/v2\/pages\/227"}],"collection":[{"href":"https:\/\/www.eaubleue-lorient.info\/index.php\/wp-json\/wp\/v2\/pages"}],"about":[{"href":"https:\/\/www.eaubleue-lorient.info\/index.php\/wp-json\/wp\/v2\/types\/page"}],"author":[{"embeddable":true,"href":"https:\/\/www.eaubleue-lorient.info\/index.php\/wp-json\/wp\/v2\/users\/1"}],"replies":[{"embeddable":true,"href":"https:\/\/www.eaubleue-lorient.info\/index.php\/wp-json\/wp\/v2\/comments?post=227"}],"version-history":[{"count":31,"href":"https:\/\/www.eaubleue-lorient.info\/index.php\/wp-json\/wp\/v2\/pages\/227\/revisions"}],"predecessor-version":[{"id":1220,"href":"https:\/\/www.eaubleue-lorient.info\/index.php\/wp-json\/wp\/v2\/pages\/227\/revisions\/1220"}],"wp:attachment":[{"href":"https:\/\/www.eaubleue-lorient.info\/index.php\/wp-json\/wp\/v2\/media?parent=227"}],"curies":[{"name":"wp","href":"https:\/\/api.w.org\/{rel}","templated":true}]}}