{"id":70,"date":"2020-05-08T15:43:41","date_gmt":"2020-05-08T13:43:41","guid":{"rendered":"http:\/\/www.eaubleue-amor.info\/?page_id=70"},"modified":"2024-10-10T21:01:52","modified_gmt":"2024-10-10T19:01:52","slug":"la-revelation-dares","status":"publish","type":"page","link":"https:\/\/www.eaubleue-lorient.info\/index.php\/la-revelation-dares\/","title":{"rendered":"La R\u00e9v\u00e9lation d&#8217;Ar\u00e8s"},"content":{"rendered":"\n<div class=\"wp-block-media-text alignwide has-media-on-the-right is-stacked-on-mobile is-vertically-aligned-center\" style=\"grid-template-columns:auto 20%\"><figure class=\"wp-block-media-text__media\"><img alt=\"\"\/><\/figure><div class=\"wp-block-media-text__content\">\n<p>Le Signe\u00a0contient les messages que \u00a0<a href=\"http:\/\/revelation-ares.paris\/le-frere-michel\/michel-potay\/\" target=\"_blank\" rel=\"noreferrer noopener\">Michel Potay<\/a>\u00a0 a re\u00e7u de J\u00e9sus en 1974 et du Cr\u00e9ateur en 1977, \u00e0 Ar\u00e8s (Gironde, France). Elle avertit que l\u2019humanit\u00e9 d\u00e9cline vers la mort spirituelle et ne sera pas sauv\u00e9e par la religion, la politique, les lois mais par la bont\u00e9 d&#8217;un grand nombre d&#8217;humains.<\/p>\n<\/div><\/div>\n\n\n\n\n\n<p>Lien vers une vid\u00e9o de pr\u00e9sentation du livre &#8220;Le Signe&#8221; sur la page <a href=\"https:\/\/www.dailymotion.com\/video\/x5bxm3l_la-revelation-d-ares-en-bref_people\" target=\"_blank\" rel=\"noreferrer noopener\">https:\/\/www.dailymotion.com\/video\/x5bxm3l_la-revelation-d-ares-en-bref_people<\/a><\/p>\n\n\n\n<p>\u200b<strong>Liens vers autres sites&nbsp;:<\/strong><\/p>\n\n\n\n<p>Paris :<a href=\"http:\/\/revelation-ares.paris\/revelation-ares\/\" target=\"_blank\" rel=\"noreferrer noopener\">&nbsp;http:\/\/revelation-ares.paris\/revelation-ares\/<\/a><\/p>\n\n\n\n<p>Bordeaux&nbsp;:&nbsp;<a href=\"http:\/\/www.revelation-ares.info\/son-message\/\" target=\"_blank\" rel=\"noreferrer noopener\">http:\/\/www.revelation-ares.info\/son-message\/<\/a><\/p>\n\n\n\n<p>Adira :<a href=\"http:\/\/www.adira.net\/revelation_d_ares.php\" target=\"_blank\" rel=\"noreferrer noopener\">&nbsp;http:\/\/www.adira.net\/revelation_d_ares.php<\/a><\/p>\n","protected":false},"excerpt":{"rendered":"<p>Le Signe\u00a0contient les messages que \u00a0Michel Potay\u00a0 a re\u00e7u de J\u00e9sus en 1974 et du Cr\u00e9ateur en 1977, \u00e0 Ar\u00e8s (Gironde, France). Elle avertit que l\u2019humanit\u00e9 d\u00e9cline vers la mort spirituelle et ne sera pas sauv\u00e9e par la religion, la politique, les lois mais par la bont\u00e9 d&#8217;un grand nombre d&#8217;humains. Lien vers une vid\u00e9o [&hellip;]<\/p>\n","protected":false},"author":1,"featured_media":0,"parent":0,"menu_order":0,"comment_status":"closed","ping_status":"closed","template":"","meta":[],"yoast_head":"<!-- This site is optimized with the Yoast SEO plugin v15.0 - https:\/\/yoast.com\/wordpress\/plugins\/seo\/ -->\n<meta name=\"robots\" content=\"index, follow, max-snippet:-1, max-image-preview:large, max-video-preview:-1\" \/>\n<link rel=\"canonical\" href=\"https:\/\/www.eaubleue-lorient.info\/index.php\/la-revelation-dares\/\" \/>\n<meta property=\"og:locale\" content=\"fr_FR\" \/>\n<meta property=\"og:type\" content=\"article\" \/>\n<meta property=\"og:title\" content=\"La R\u00e9v\u00e9lation d&#039;Ar\u00e8s - Eau Bleue Lorient\" \/>\n<meta property=\"og:description\" content=\"Le Signe\u00a0contient les messages que \u00a0Michel Potay\u00a0 a re\u00e7u de J\u00e9sus en 1974 et du Cr\u00e9ateur en 1977, \u00e0 Ar\u00e8s (Gironde, France). Elle avertit que l\u2019humanit\u00e9 d\u00e9cline vers la mort spirituelle et ne sera pas sauv\u00e9e par la religion, la politique, les lois mais par la bont\u00e9 d&#8217;un grand nombre d&#8217;humains. Lien vers une vid\u00e9o [&hellip;]\" \/>\n<meta property=\"og:url\" content=\"https:\/\/www.eaubleue-lorient.info\/index.php\/la-revelation-dares\/\" \/>\n<meta property=\"og:site_name\" content=\"Eau Bleue Lorient\" \/>\n<meta property=\"article:modified_time\" content=\"2024-10-10T19:01:52+00:00\" \/>\n<meta name=\"twitter:card\" content=\"summary_large_image\" \/>\n<script type=\"application\/ld+json\" class=\"yoast-schema-graph\">{\"@context\":\"https:\/\/schema.org\",\"@graph\":[{\"@type\":\"WebSite\",\"@id\":\"https:\/\/www.eaubleue-lorient.info\/#website\",\"url\":\"https:\/\/www.eaubleue-lorient.info\/\",\"name\":\"Eau Bleue Lorient\",\"description\":\"\",\"potentialAction\":[{\"@type\":\"SearchAction\",\"target\":\"https:\/\/www.eaubleue-lorient.info\/?s={search_term_string}\",\"query-input\":\"required name=search_term_string\"}],\"inLanguage\":\"fr-FR\"},{\"@type\":\"WebPage\",\"@id\":\"https:\/\/www.eaubleue-lorient.info\/index.php\/la-revelation-dares\/#webpage\",\"url\":\"https:\/\/www.eaubleue-lorient.info\/index.php\/la-revelation-dares\/\",\"name\":\"La R\\u00e9v\\u00e9lation d'Ar\\u00e8s - Eau Bleue Lorient\",\"isPartOf\":{\"@id\":\"https:\/\/www.eaubleue-lorient.info\/#website\"},\"datePublished\":\"2020-05-08T13:43:41+00:00\",\"dateModified\":\"2024-10-10T19:01:52+00:00\",\"inLanguage\":\"fr-FR\",\"potentialAction\":[{\"@type\":\"ReadAction\",\"target\":[\"https:\/\/www.eaubleue-lorient.info\/index.php\/la-revelation-dares\/\"]}]}]}<\/script>\n<!-- \/ Yoast SEO plugin. -->","_links":{"self":[{"href":"https:\/\/www.eaubleue-lorient.info\/index.php\/wp-json\/wp\/v2\/pages\/70"}],"collection":[{"href":"https:\/\/www.eaubleue-lorient.info\/index.php\/wp-json\/wp\/v2\/pages"}],"about":[{"href":"https:\/\/www.eaubleue-lorient.info\/index.php\/wp-json\/wp\/v2\/types\/page"}],"author":[{"embeddable":true,"href":"https:\/\/www.eaubleue-lorient.info\/index.php\/wp-json\/wp\/v2\/users\/1"}],"replies":[{"embeddable":true,"href":"https:\/\/www.eaubleue-lorient.info\/index.php\/wp-json\/wp\/v2\/comments?post=70"}],"version-history":[{"count":15,"href":"https:\/\/www.eaubleue-lorient.info\/index.php\/wp-json\/wp\/v2\/pages\/70\/revisions"}],"predecessor-version":[{"id":1202,"href":"https:\/\/www.eaubleue-lorient.info\/index.php\/wp-json\/wp\/v2\/pages\/70\/revisions\/1202"}],"wp:attachment":[{"href":"https:\/\/www.eaubleue-lorient.info\/index.php\/wp-json\/wp\/v2\/media?parent=70"}],"curies":[{"name":"wp","href":"https:\/\/api.w.org\/{rel}","templated":true}]}}