{"id":85,"date":"2020-05-08T17:56:17","date_gmt":"2020-05-08T15:56:17","guid":{"rendered":"http:\/\/www.eaubleue-amor.info\/?page_id=85"},"modified":"2024-10-10T21:03:47","modified_gmt":"2024-10-10T19:03:47","slug":"michel-potay","status":"publish","type":"page","link":"https:\/\/www.eaubleue-lorient.info\/index.php\/michel-potay\/","title":{"rendered":"Michel Potay"},"content":{"rendered":"\t\t<div data-elementor-type=\"wp-page\" data-elementor-id=\"85\" class=\"elementor elementor-85\" data-elementor-settings=\"[]\">\n\t\t\t\t\t\t<div class=\"elementor-inner\">\n\t\t\t\t\t\t\t<div class=\"elementor-section-wrap\">\n\t\t\t\t\t\t\t<section class=\"elementor-section elementor-top-section elementor-element elementor-element-74f02f9 elementor-section-boxed elementor-section-height-default elementor-section-height-default\" data-id=\"74f02f9\" data-element_type=\"section\">\n\t\t\t\t\t\t<div class=\"elementor-container elementor-column-gap-no\">\n\t\t\t\t\t\t\t<div class=\"elementor-row\">\n\t\t\t\t\t<div class=\"elementor-column elementor-col-100 elementor-top-column elementor-element elementor-element-78db384\" data-id=\"78db384\" data-element_type=\"column\">\n\t\t\t<div class=\"elementor-column-wrap elementor-element-populated\">\n\t\t\t\t\t\t\t<div class=\"elementor-widget-wrap\">\n\t\t\t\t\t\t<div class=\"elementor-element elementor-element-cf6e2d8 elementor-widget elementor-widget-text-editor\" data-id=\"cf6e2d8\" data-element_type=\"widget\" data-widget_type=\"text-editor.default\">\n\t\t\t\t<div class=\"elementor-widget-container\">\n\t\t\t\t\t<div class=\"elementor-text-editor elementor-clearfix\"><p><!-- wp:group {\"align\":\"wide\"} --><\/p>\n<div>\n<p><!-- wp:media-text {\"mediaPosition\":\"right\",\"mediaType\":\"image\",\"mediaWidth\":30} --><\/p>\n<div style=\"grid-template-columns: auto 30%;\">\n<figure><img loading=\"lazy\" class=\"alignleft\" src=\"https:\/\/static.wixstatic.com\/media\/eee9e0_fc8b00343ceb465a808aa1add4cc0952~mv2.png\/v1\/fill\/w_107,h_153,al_c,q_85,usm_0.66_1.00_0.01\/Michel%20Potay.webp\" alt=\"Michel Potay.png\" width=\"58\" height=\"83\"><\/figure>\n<figure><\/figure>\n<figure><\/figure>\n<figure><\/figure>\n<figure><\/figure>\n<figure><span style=\"font-size: 18px;\">Michel Potay, appel\u00e9 fr\u00e8re Michel, est le t\u00e9moin du livre intitul\u00e9 &#8220;Le Signe&#8221; ou <\/span><a style=\"font-size: 18px;\" href=\"http:\/\/revelation-ares.paris\/revelation-ares\/\"><em>La R\u00e9v\u00e9lation d&#8217;Ar\u00e8s<\/em>&nbsp;<\/a><span style=\"font-size: 18px;\">et le fondateur naturel du mouvement de lib\u00e9ration spirituelle&nbsp;appel\u00e9&nbsp;<\/span><a style=\"font-size: 18px;\" href=\"http:\/\/revelation-ares.paris\/les-pelerins-d-ares\/\">P\u00e8lerins d&#8217;Ar\u00e8s.<\/a><\/figure>\n<div>\n<p><!-- \/wp:paragraph --><\/p>\n<\/div>\n<\/div>\n<p><!-- \/wp:media-text --><\/p>\n<\/div>\n<p><!-- \/wp:group --><\/p>\n<p><!-- wp:image {\"id\":92,\"width\":643,\"height\":103,\"sizeSlug\":\"large\"} --><\/p>\n<figure><img loading=\"lazy\" class=\"alignnone size-medium wp-image-92\" src=\"https:\/\/www.eaubleue-lorient.info\/wp-content\/uploads\/2020\/05\/MP-blog-300x48.png\" alt=\"\" width=\"300\" height=\"48\" srcset=\"https:\/\/www.eaubleue-lorient.info\/wp-content\/uploads\/2020\/05\/MP-blog-300x48.png 300w, https:\/\/www.eaubleue-lorient.info\/wp-content\/uploads\/2020\/05\/MP-blog.png 512w\" sizes=\"(max-width: 300px) 100vw, 300px\" \/><p><\/p>\n<p><a style=\"font-size: 1rem;\" href=\"http:\/\/michelpotayblog.net\/index.html\" target=\"_blank\" rel=\"noreferrer noopener\">http:\/\/michelpotayblog.net\/index.html<\/a><\/p>\n<figcaption><\/figcaption>\n<figcaption><\/figcaption>\n<figcaption><strong>Le proph\u00e8te r\u00e9pond \u00e0 des questions essentielles:<\/strong>&nbsp;<br><a href=\"https:\/\/www.youtube.com\/watch?v=FehXU9Yv2Ac&amp;ab_channel=%C3%8EleBleue\" target=\"_blank\" rel=\"noopener\">https:\/\/www.youtube.com\/watch?v=FehXU9Yv2Ac&amp;ab_channel=%C3%8EleBleue<\/a><\/figcaption>\n<\/figure>\n<p><!-- \/wp:image --><\/p>\n<p><!-- wp:paragraph --><\/p>\n<p><strong>Interview de Michel Potay par Jacques Chancel:<\/strong><\/p>\n<p><img loading=\"lazy\" class=\"alignnone size-medium wp-image-750\" src=\"http:\/\/www.eaubleue-amor.info\/wp-content\/uploads\/2020\/07\/Potay-Chancel-300x169.jpg\" alt=\"\" width=\"300\" height=\"169\" srcset=\"https:\/\/www.eaubleue-lorient.info\/wp-content\/uploads\/2020\/07\/Potay-Chancel-300x169.jpg 300w, https:\/\/www.eaubleue-lorient.info\/wp-content\/uploads\/2020\/07\/Potay-Chancel-1024x576.jpg 1024w, https:\/\/www.eaubleue-lorient.info\/wp-content\/uploads\/2020\/07\/Potay-Chancel-768x432.jpg 768w, https:\/\/www.eaubleue-lorient.info\/wp-content\/uploads\/2020\/07\/Potay-Chancel-1536x864.jpg 1536w, https:\/\/www.eaubleue-lorient.info\/wp-content\/uploads\/2020\/07\/Potay-Chancel-2048x1151.jpg 2048w, https:\/\/www.eaubleue-lorient.info\/wp-content\/uploads\/2020\/07\/Potay-Chancel-624x351.jpg 624w\" sizes=\"(max-width: 300px) 100vw, 300px\" \/><\/p>\n<p><a href=\"https:\/\/vimeo.com\/208292194\">https:\/\/vimeo.com\/208292194<\/a><strong><br><\/strong><\/p>\n<p><strong>Pour des compl\u00e9ments d&#8217;informations&nbsp;:<\/strong><\/p>\n<p><!-- \/wp:paragraph --><\/p>\n<p><!-- wp:paragraph --><\/p>\n<p><a href=\"https:\/\/www.adira.net\/ecrits_de_michel_potay.php\/\" target=\"_blank\" rel=\"noreferrer noopener\">https:\/\/www.adira.net\/ecrits_de_michel_potay.php\/<\/a><\/p>\n<p><!-- \/wp:paragraph --><\/p>\n<p><!-- wp:paragraph --><\/p>\n<p><a href=\"http:\/\/revelation-ares.paris\/le-frere-michel\/prophete-du-21e-siecle\/\" target=\"_blank\" rel=\"noreferrer noopener\">http:\/\/revelation-ares.paris\/le-frere-michel\/prophete-du-21e-siecle\/<\/a><\/p>\n<p><!-- \/wp:paragraph --><\/p><\/div>\n\t\t\t\t<\/div>\n\t\t\t\t<\/div>\n\t\t\t\t\t\t<\/div>\n\t\t\t\t\t<\/div>\n\t\t<\/div>\n\t\t\t\t\t\t\t\t<\/div>\n\t\t\t\t\t<\/div>\n\t\t<\/section>\n\t\t\t\t\t\t<\/div>\n\t\t\t\t\t\t<\/div>\n\t\t\t\t\t<\/div>\n\t\t","protected":false},"excerpt":{"rendered":"<p>Michel Potay, appel\u00e9 fr\u00e8re Michel, est le t\u00e9moin du livre intitul\u00e9 &#8220;Le Signe&#8221; ou La R\u00e9v\u00e9lation d&#8217;Ar\u00e8s&nbsp;et le fondateur naturel du mouvement de lib\u00e9ration spirituelle&nbsp;appel\u00e9&nbsp;P\u00e8lerins d&#8217;Ar\u00e8s. http:\/\/michelpotayblog.net\/index.html Le proph\u00e8te r\u00e9pond \u00e0 des questions essentielles:&nbsp;https:\/\/www.youtube.com\/watch?v=FehXU9Yv2Ac&amp;ab_channel=%C3%8EleBleue Interview de Michel Potay par Jacques Chancel: https:\/\/vimeo.com\/208292194 Pour des compl\u00e9ments d&#8217;informations&nbsp;: https:\/\/www.adira.net\/ecrits_de_michel_potay.php\/ http:\/\/revelation-ares.paris\/le-frere-michel\/prophete-du-21e-siecle\/<\/p>\n","protected":false},"author":1,"featured_media":0,"parent":0,"menu_order":0,"comment_status":"closed","ping_status":"closed","template":"","meta":[],"yoast_head":"<!-- This site is optimized with the Yoast SEO plugin v15.0 - https:\/\/yoast.com\/wordpress\/plugins\/seo\/ -->\n<meta name=\"robots\" content=\"index, follow, max-snippet:-1, max-image-preview:large, max-video-preview:-1\" \/>\n<link rel=\"canonical\" href=\"https:\/\/www.eaubleue-lorient.info\/index.php\/michel-potay\/\" \/>\n<meta property=\"og:locale\" content=\"fr_FR\" \/>\n<meta property=\"og:type\" content=\"article\" \/>\n<meta property=\"og:title\" content=\"Michel Potay - Eau Bleue Lorient\" \/>\n<meta property=\"og:description\" content=\"Michel Potay, appel\u00e9 fr\u00e8re Michel, est le t\u00e9moin du livre intitul\u00e9 &#8220;Le Signe&#8221; ou La R\u00e9v\u00e9lation d&#8217;Ar\u00e8s&nbsp;et le fondateur naturel du mouvement de lib\u00e9ration spirituelle&nbsp;appel\u00e9&nbsp;P\u00e8lerins d&#8217;Ar\u00e8s. http:\/\/michelpotayblog.net\/index.html Le proph\u00e8te r\u00e9pond \u00e0 des questions essentielles:&nbsp;https:\/\/www.youtube.com\/watch?v=FehXU9Yv2Ac&amp;ab_channel=%C3%8EleBleue Interview de Michel Potay par Jacques Chancel: https:\/\/vimeo.com\/208292194 Pour des compl\u00e9ments d&#8217;informations&nbsp;: https:\/\/www.adira.net\/ecrits_de_michel_potay.php\/ http:\/\/revelation-ares.paris\/le-frere-michel\/prophete-du-21e-siecle\/\" \/>\n<meta property=\"og:url\" content=\"https:\/\/www.eaubleue-lorient.info\/index.php\/michel-potay\/\" \/>\n<meta property=\"og:site_name\" content=\"Eau Bleue Lorient\" \/>\n<meta property=\"article:modified_time\" content=\"2024-10-10T19:03:47+00:00\" \/>\n<meta property=\"og:image\" content=\"https:\/\/static.wixstatic.com\/media\/eee9e0_fc8b00343ceb465a808aa1add4cc0952~mv2.png\/v1\/fill\/w_107,h_153,al_c,q_85,usm_0.66_1.00_0.01\/Michel%20Potay.webp\" \/>\n<meta name=\"twitter:card\" content=\"summary_large_image\" \/>\n<script type=\"application\/ld+json\" class=\"yoast-schema-graph\">{\"@context\":\"https:\/\/schema.org\",\"@graph\":[{\"@type\":\"WebSite\",\"@id\":\"https:\/\/www.eaubleue-lorient.info\/#website\",\"url\":\"https:\/\/www.eaubleue-lorient.info\/\",\"name\":\"Eau Bleue Lorient\",\"description\":\"\",\"potentialAction\":[{\"@type\":\"SearchAction\",\"target\":\"https:\/\/www.eaubleue-lorient.info\/?s={search_term_string}\",\"query-input\":\"required name=search_term_string\"}],\"inLanguage\":\"fr-FR\"},{\"@type\":\"ImageObject\",\"@id\":\"https:\/\/www.eaubleue-lorient.info\/index.php\/michel-potay\/#primaryimage\",\"inLanguage\":\"fr-FR\",\"url\":\"https:\/\/static.wixstatic.com\/media\/eee9e0_fc8b00343ceb465a808aa1add4cc0952~mv2.png\/v1\/fill\/w_107,h_153,al_c,q_85,usm_0.66_1.00_0.01\/Michel%20Potay.webp\"},{\"@type\":\"WebPage\",\"@id\":\"https:\/\/www.eaubleue-lorient.info\/index.php\/michel-potay\/#webpage\",\"url\":\"https:\/\/www.eaubleue-lorient.info\/index.php\/michel-potay\/\",\"name\":\"Michel Potay - Eau Bleue Lorient\",\"isPartOf\":{\"@id\":\"https:\/\/www.eaubleue-lorient.info\/#website\"},\"primaryImageOfPage\":{\"@id\":\"https:\/\/www.eaubleue-lorient.info\/index.php\/michel-potay\/#primaryimage\"},\"datePublished\":\"2020-05-08T15:56:17+00:00\",\"dateModified\":\"2024-10-10T19:03:47+00:00\",\"inLanguage\":\"fr-FR\",\"potentialAction\":[{\"@type\":\"ReadAction\",\"target\":[\"https:\/\/www.eaubleue-lorient.info\/index.php\/michel-potay\/\"]}]}]}<\/script>\n<!-- \/ Yoast SEO plugin. -->","_links":{"self":[{"href":"https:\/\/www.eaubleue-lorient.info\/index.php\/wp-json\/wp\/v2\/pages\/85"}],"collection":[{"href":"https:\/\/www.eaubleue-lorient.info\/index.php\/wp-json\/wp\/v2\/pages"}],"about":[{"href":"https:\/\/www.eaubleue-lorient.info\/index.php\/wp-json\/wp\/v2\/types\/page"}],"author":[{"embeddable":true,"href":"https:\/\/www.eaubleue-lorient.info\/index.php\/wp-json\/wp\/v2\/users\/1"}],"replies":[{"embeddable":true,"href":"https:\/\/www.eaubleue-lorient.info\/index.php\/wp-json\/wp\/v2\/comments?post=85"}],"version-history":[{"count":43,"href":"https:\/\/www.eaubleue-lorient.info\/index.php\/wp-json\/wp\/v2\/pages\/85\/revisions"}],"predecessor-version":[{"id":1204,"href":"https:\/\/www.eaubleue-lorient.info\/index.php\/wp-json\/wp\/v2\/pages\/85\/revisions\/1204"}],"wp:attachment":[{"href":"https:\/\/www.eaubleue-lorient.info\/index.php\/wp-json\/wp\/v2\/media?parent=85"}],"curies":[{"name":"wp","href":"https:\/\/api.w.org\/{rel}","templated":true}]}}